{"id":176,"date":"2025-02-20T15:02:58","date_gmt":"2025-02-20T12:02:58","guid":{"rendered":"https:\/\/dev-egovresearch.pantheonsite.io\/?page_id=176"},"modified":"2026-01-12T10:52:44","modified_gmt":"2026-01-12T07:52:44","slug":"for-students","status":"publish","type":"page","link":"https:\/\/isegov.dai.uom.gr\/de\/for-students\/","title":{"rendered":"M\u00f6glichkeiten der studentischen Beteiligung"},"content":{"rendered":"<style>\n.card {\n    background: white;\n    border-radius: 16px;\n    padding: 2rem;\n    box-shadow: 0 4px 6px -1px rgba(0, 0, 0, 0.1);\n    transition: all 0.4s cubic-bezier(0.4, 0, 0.2, 1);\n    position: relative;\n    overflow: hidden;\n    opacity: 0;\n    animation: fadeInUp 0.6s ease forwards;\n  }\n  \n  .card::before {\n  content: '';\n  position: absolute;\n  top: 0;\n  left: 0;\n  width: 100%;\n  height: 4px;\n  background: linear-gradient(90deg, #3b82f6, #2563eb);\n  opacity: 0;\n  transition: opacity 0.3s ease;\n  border-top-left-radius: 16px;  \/* Match the card's border radius *\/\n  border-top-right-radius: 16px; \/* Match the card's border radius *\/\n}\n  \n  .card:hover {\n    transform: translateY(-8px);\n    box-shadow: 0 20px 25px -5px rgba(0, 0, 0, 0.1), 0 10px 10px -5px rgba(0, 0, 0, 0.04);\n  }\n  \n  .card:hover::before {\n    opacity: 1;\n  }\n  \n  @keyframes fadeInUp {\n    from {\n      opacity: 0;\n      transform: translateY(20px);\n    }\n    to {\n      opacity: 1;\n      transform: translateY(0);\n    }\n  }\n<\/style>\n\n\n\n<div class=\"wp-block-group is-layout-constrained wp-container-core-group-is-layout-583ae556 wp-block-group-is-layout-constrained\" style=\"margin-top:var(--wp--preset--spacing--50);margin-bottom:var(--wp--preset--spacing--50);padding-top:0;padding-bottom:0\">\n<div class=\"wp-block-group has-theme-13-color has-text-color has-background has-link-color wp-elements-9cdc82f5f83911065a29e28059df7bdc is-layout-constrained wp-container-core-group-is-layout-1297599e wp-block-group-is-layout-constrained\" style=\"border-radius:16px;background:linear-gradient(135deg,rgb(37,99,235) 0%,rgb(30,64,175) 100%);min-height:0px;margin-bottom:2rem;padding-top:3rem;padding-right:2rem;padding-bottom:3rem;padding-left:2rem\">\n<h2 class=\"wp-block-heading has-theme-13-color has-text-color has-link-color wp-elements-2708693e0c3eb405d6be27a137458a12\">Student Volunteer Opportunities bei der ISEGov Research Group<\/h2>\n\n\n\n<p style=\"margin-bottom:var(--wp--preset--spacing--40);font-size:1.1rem\">Die&nbsp;<strong>Forschungsgruppe Informationssysteme &amp; eGovernment (ISEGov)<\/strong>&nbsp;Am Department of Applied Informatics, University of Macedonia, bietet strukturierte Freiwilligenpraktika an, die den Studierenden helfen sollen, praktische Erfahrungen zu sammeln, Forschungskompetenzen zu entwickeln und zu laufenden akademischen und Outreach-Aktivit\u00e4ten beizutragen.<br>Unser mehrstufiges Programm folgt internationalen Best Practices, die an f\u00fchrenden Universit\u00e4ten angewendet werden, und bietet schrittweise erweiterte Verantwortlichkeiten, wenn die Studenten durch ihr Studium vorankommen.<\/p>\n<\/div>\n\n\n\n<div class=\"wp-block-uagb-tabs uagb-block-dc1ee0ac uagb-tabs__wrap uagb-tabs__hstyle2-desktop uagb-tabs__vstyle6-tablet uagb-tabs__stack1-mobile\" data-tab-active=\"0\"><ul class=\"uagb-tabs__panel uagb-tabs__align-left\" role=\"tablist\"><li class=\"uagb-tab uagb-tabs__active\" role=\"none\"><a href=\"#uagb-tabs__tab0\" class=\"uagb-tabs-list uagb-tabs__icon-position-left\" data-tab=\"0\" role=\"tab\"><div>Studierende des 1. bis 2. Jahrgangs<\/div><\/a><\/li><li class=\"uagb-tab\" role=\"none\"><a href=\"#uagb-tabs__tab1\" class=\"uagb-tabs-list uagb-tabs__icon-position-left\" data-tab=\"1\" role=\"tab\"><div>Sch\u00fcler des 3. Jahrgangs<\/div><\/a><\/li><li class=\"uagb-tab\" role=\"none\"><a href=\"#uagb-tabs__tab2\" class=\"uagb-tabs-list uagb-tabs__icon-position-left\" data-tab=\"2\" role=\"tab\"><div>Sch\u00fcler des 4. Jahrgangs<\/div><\/a><\/li><\/ul><div class=\"uagb-tabs__body-wrap\">\n<div class=\"wp-block-uagb-tabs-child uagb-tabs__body-container uagb-inner-tab-0\" aria-labelledby=\"uagb-tabs__tab0\">\n<div class=\"wp-block-uagb-container uagb-block-323be95f alignfull uagb-is-root-container\"><div class=\"uagb-container-inner-blocks-wrap\">\n<p><strong>Stunden<\/strong>: 2 Stunden\/Woche, ein Semester<\/p>\n\n\n\n<p><strong>Rolle:<\/strong> Digitale Kommunikation &amp; Web Support Volunteer<\/p>\n\n\n\n<p><strong>\u00dcbersicht:<\/strong><\/p>\n\n\n\n<p>Fr\u00fche Studenten werden durch praktische Aufgaben mit geringer Intensit\u00e4t, die digitale Kompetenz und Teamarbeit aufbauen, in akademische Forschungsumgebungen eingef\u00fchrt. Unter der Aufsicht des Personals unterst\u00fctzen Freiwillige die Kommunikation und Online-Pr\u00e4senz der Gruppe.<\/p>\n\n\n\n<p><strong>Vorl\u00e4ufige Zust\u00e4ndigkeiten:<\/strong><\/p>\n\n\n\n<ul class=\"wp-block-list\">\n<li>Vorbereitung und Ver\u00f6ffentlichung kurzer Website-Updates (Nachrichten, Veranstaltungen, Erfolge)<\/li>\n\n\n\n<li>Unterst\u00fctzung bei der Verwaltung von Social-Media-Kan\u00e4len (Content-Scheduling, Basic Analytics)<\/li>\n\n\n\n<li>Unterst\u00fctzung von Outreach-Aktivit\u00e4ten (z. B. Verfassen von Kurzberichten, Erstellen von visuellen Materialien)<\/li>\n\n\n\n<li>Unterst\u00fctzung bei der Aufrechterhaltung von Genauigkeit und Konsistenz auf allen digitalen Plattformen<\/li>\n\n\n\n<li>Teilnahme an kurzen Schulungen zu Kommunikationsstandards und Barrierefreiheit im Internet<\/li>\n<\/ul>\n\n\n\n<p><strong>Erwartete Lernergebnisse:<\/strong><\/p>\n\n\n\n<ul class=\"wp-block-list\">\n<li>Erfahrung mit akademischen Kommunikationsworkflows<\/li>\n\n\n\n<li>Verbesserte Schreib-, digitale Medien- und Kollaborationsf\u00e4higkeiten<\/li>\n\n\n\n<li>Vertrautheit mit professionellen Tools f\u00fcr Content- und Social-Media-Management<\/li>\n<\/ul>\n<\/div><\/div>\n<\/div>\n\n\n\n<div class=\"wp-block-uagb-tabs-child uagb-tabs__body-container uagb-inner-tab-1\" aria-labelledby=\"uagb-tabs__tab1\">\n<div class=\"wp-block-uagb-container uagb-block-d50a92ae alignfull uagb-is-root-container\"><div class=\"uagb-container-inner-blocks-wrap\">\n<p><strong>Stunden<\/strong>: 5 Stunden\/Woche, ein Semester<\/p>\n\n\n\n<p><strong>Rolle:<\/strong> Wissenschaftliche\/r Mitarbeiter\/in<\/p>\n\n\n\n<p><strong>\u00dcbersicht:<\/strong><\/p>\n\n\n\n<p>Studierende im dritten Studienjahr werden strukturiert&nbsp;<strong>Mini-Forschungsprojekte<\/strong>&nbsp;abgestimmt auf die Themenbereiche der Gruppe. Diese Projekte simulieren internationale Modelle von wissenschaftlichen Assistenten (z. B. UROP-Programme), die sich auf gef\u00fchrte Forschung, Datenerhebung und einf\u00fchrende Analyse konzentrieren.<\/p>\n\n\n\n<p><strong>Vorl\u00e4ufige Zust\u00e4ndigkeiten:<\/strong><\/p>\n\n\n\n<ul class=\"wp-block-list\">\n<li>Durchf\u00fchren von Literaturrecherchen und Organisieren von bibliographischem Material<\/li>\n\n\n\n<li>Unterst\u00fctzung bei der Datenaufbereitung, einfachen Analysen oder Prototypenentwicklung<\/li>\n\n\n\n<li>Unterst\u00fctzung von Dozenten und leitenden Forschern bei laufenden Forschungsaktivit\u00e4ten<\/li>\n\n\n\n<li>Teilnahme an w\u00f6chentlichen Forschungstreffen und Pr\u00e4sentation der Fortschritte<\/li>\n\n\n\n<li>Beitrag zu kurzen internen Berichten oder Research Briefs<\/li>\n<\/ul>\n\n\n\n<p><strong>Erwartete Lernergebnisse:<\/strong><\/p>\n\n\n\n<ul class=\"wp-block-list\">\n<li>Praktische Auseinandersetzung mit wissenschaftlichen Forschungsmethoden<\/li>\n\n\n\n<li>Entwicklung von analytischen, technischen und Probleml\u00f6sungsf\u00e4higkeiten<\/li>\n\n\n\n<li>F\u00e4higkeit, innerhalb eines strukturierten Forschungsplans zu arbeiten<\/li>\n\n\n\n<li>Vorbereitung auf die Arbeit auf Dissertationsebene im letzten Jahr<\/li>\n<\/ul>\n\n\n\n<p><strong>Zus\u00e4tzliche Anforderungen:<\/strong><\/p>\n\n\n\n<ul class=\"wp-block-list\">\n<li>Von den Studierenden wird erwartet, dass sie das Wahlfach 4 \u201eElektronische Regierung\u201c und \u201eFortgeschrittene Informationssysteme\u201c besuchen.<sup>th<\/sup>&nbsp;Jahrgangskurse w\u00e4hrend der 3<sup>rd<\/sup>&nbsp;Studienjahr<\/li>\n<\/ul>\n<\/div><\/div>\n<\/div>\n\n\n\n<div class=\"wp-block-uagb-tabs-child uagb-tabs__body-container uagb-inner-tab-2\" aria-labelledby=\"uagb-tabs__tab2\">\n<div class=\"wp-block-uagb-container uagb-block-8a6b3236 alignfull uagb-is-root-container\"><div class=\"uagb-container-inner-blocks-wrap\">\n<p><strong>Stunden<\/strong>: 10 Stunden\/Woche f\u00fcr das gesamte akademische Jahr<\/p>\n\n\n\n<p><strong>Rolle:<\/strong> Wissenschaftlicher Mitarbeiter (Dissertation-Integrated Placement)<\/p>\n\n\n\n<p><strong>\u00dcbersicht:<\/strong><\/p>\n\n\n\n<p>Die Sch\u00fcler des letzten Jahres verpflichten sich ein Jahr lang, das ihre&nbsp;<strong>Bachelorarbeit<\/strong>&nbsp;mit aktiver Beteiligung an einem ISEGov-Forschungsstrom. Diese Rolle spiegelt internationale Best Practices in der fortgeschrittenen Bachelor-Forschung wider und kombiniert unabh\u00e4ngige Arbeit mit Mentoring von akademischem Personal.<\/p>\n\n\n\n<p><strong>Vorl\u00e4ufige Zust\u00e4ndigkeiten:<\/strong><\/p>\n\n\n\n<ul class=\"wp-block-list\">\n<li>Konzeption und Durchf\u00fchrung eines Forschungsprojekts unter Fakult\u00e4tsaufsicht<\/li>\n\n\n\n<li>Durchf\u00fchrung fortgeschrittener Literaturrecherchen, Methodendesign und Datenanalyse<\/li>\n\n\n\n<li>Entwicklung von Software-Prototypen, Modellen oder Policy-Evaluierungen (je nach Thema)<\/li>\n\n\n\n<li>Erstellung von Forschungsergebnissen (Konferenzplakate, Kurzbeitr\u00e4ge, Datens\u00e4tze, Dokumentation)<\/li>\n\n\n\n<li>Pr\u00e4sentation der Fortschritte bei Forschungstreffen und gegebenenfalls Beitrag zu Gruppenpublikationen<\/li>\n\n\n\n<li>Unterst\u00fctzung von Mentor-Nachwuchsstudenten bei kleinen, aufgabenbasierten Aktivit\u00e4ten<\/li>\n<\/ul>\n\n\n\n<p><strong>Erwartete Lernergebnisse:<\/strong><\/p>\n\n\n\n<ul class=\"wp-block-list\">\n<li>Tiefes Verst\u00e4ndnis des Forschungslebenszyklus<\/li>\n\n\n\n<li>Erweiterte technische und analytische F\u00e4higkeiten<\/li>\n\n\n\n<li>Erfahrung im wissenschaftlichen Schreiben und in der akademischen Verbreitung<\/li>\n\n\n\n<li>Berufsreife f\u00fcr postgraduales Studium oder forschungsorientierte Karrieren<\/li>\n<\/ul>\n<\/div><\/div>\n<\/div>\n<\/div><\/div>\n\n\n\n<h3 class=\"wp-block-heading has-theme-3-color has-text-color has-link-color uag-hide-desktop uag-hide-tab uag-hide-mob wp-elements-cc67d526d542aae637fb6b52fbb8c5f2\" style=\"border-bottom-color:#e2e8f0;border-bottom-width:2px;padding-bottom:1rem\"><strong>Erste Schritte<\/strong><\/h3>\n\n\n\n<p class=\"uag-hide-desktop uag-hide-tab uag-hide-mob\">Wenn Sie ein akademisches Projekt mit uns machen m\u00f6chten, folgen Sie diesen Schritten:<\/p>\n\n\n\n<div class=\"wp-block-uagb-container uag-hide-desktop uag-hide-tab uag-hide-mob uagb-layout-flex uagb-block-7f0706ca default uagb-is-root-container\">\n<div class=\"wp-block-uagb-container card uagb-block-d51a6057 alignfull uagb-is-root-container\"><div class=\"uagb-container-inner-blocks-wrap\">\n<div class=\"wp-block-uagb-container uagb-block-b6c0481c\">      \n\t\t\t<div class=\"uagb-icon-wrapper uagb-block-15573609\"\n\t\t\tstyle=\"\" >\n\t\t\t\t\t\t\t\t\t<span class=\"uagb-svg-wrapper\" \n\t\t\t\t\t aria-label=\"Buch-offen\"\t\t\t\t\ttabindex=\"0\">\t\t\n\t\t\t\t\t\t\t\t\t\t<svg xmlns=\"https:\/\/www.w3.org\/2000\/svg\" viewbox= \"0 0 576 512\" role=\"graphics-symbol\" aria-hidden=\"false\" aria-label=\"\"><path d=\"M144.3 32.04C106.9 31.29 63.7 41.44 18.6 61.29c-11.42 5.026-18.6 16.67-18.6 29.15l0 357.6c0 11.55 11.99 19.55 22.45 14.65c126.3-59.14 219.8 11 223.8 14.01C249.1 478.9 252.5 480 256 480c12.4 0 16-11.38 16-15.98V80.04c0-5.203-2.531-10.08-6.781-13.08C263.3 65.58 216.7 33.35 144.3 32.04zM557.4 61.29c-45.11-19.79-88.48-29.61-125.7-29.26c-72.44 1.312-118.1 33.55-120.9 34.92C306.5 69.96 304 74.83 304 80.04v383.1C304 468.4 307.5 480 320 480c3.484 0 6.938-1.125 9.781-3.328c3.925-3.018 97.44-73.16 223.8-14c10.46 4.896 22.45-3.105 22.45-14.65l.0001-357.6C575.1 77.97 568.8 66.31 557.4 61.29z\"><\/path><\/svg>\n\t\t\t\t\t\t\t\t\t<\/span>\n\t\t\t\t\t\t\t<\/div>\n\t\t\t<\/div>\n\n\n\n<h4 class=\"wp-block-heading\"><strong>Machen Sie sich mit unserer Forschung vertraut<\/strong><\/h4>\n\n\n\n<p>Entdecken Sie unsere Forschungsinteressen, Publikationen und aktuellen Projekte. Dies wird Ihnen helfen, die thematischen Bereiche zu verstehen, in denen wir substanzielle Anleitungen anbieten k\u00f6nnen.<\/p>\n<\/div><\/div>\n\n\n\n<div class=\"wp-block-uagb-container card uagb-block-21196ea3 alignfull uagb-is-root-container\"><div class=\"uagb-container-inner-blocks-wrap\">\n<div class=\"wp-block-uagb-container uagb-block-2899ffba\">      \n\t\t\t<div class=\"uagb-icon-wrapper uagb-block-4862b3a2\"\n\t\t\tstyle=\"\" >\n\t\t\t\t\t\t\t\t\t<span class=\"uagb-svg-wrapper\" \n\t\t\t\t\t aria-label=\"Datei\"\t\t\t\t\ttabindex=\"0\">\t\t\n\t\t\t\t\t\t\t\t\t\t<svg xmlns=\"https:\/\/www.w3.org\/2000\/svg\" viewbox= \"0 0 384 512\" role=\"graphics-symbol\" aria-hidden=\"false\" aria-label=\"\"><path d=\"M0 64C0 28.65 28.65 0 64 0H224V128C224 145.7 238.3 160 256 160H384V448C384 483.3 355.3 512 320 512H64C28.65 512 0 483.3 0 448V64zM256 128V0L384 128H256z\"><\/path><\/svg>\n\t\t\t\t\t\t\t\t\t<\/span>\n\t\t\t\t\t\t\t<\/div>\n\t\t\t<\/div>\n\n\n\n<h4 class=\"wp-block-heading\"><strong>Vorgeschlagene Themen erkunden<\/strong><\/h4>\n\n\n\n<p>\u00dcberpr\u00fcfen Sie die Listen der vorgeschlagenen Dissertationsthemen, die verf\u00fcgbar sind. Wenn Sie Ihre eigene Idee haben, die mit den Zielen der eGov-Forschungsgruppe \u00fcbereinstimmt, sind wir offen daf\u00fcr, dar\u00fcber zu diskutieren.<\/p>\n<\/div><\/div>\n\n\n\n<div class=\"wp-block-uagb-container card uagb-block-db78c46b alignfull uagb-is-root-container\"><div class=\"uagb-container-inner-blocks-wrap\">\n<div class=\"wp-block-uagb-container uagb-block-7ec58984\">      \n\t\t\t<div class=\"uagb-icon-wrapper uagb-block-e653b5b9\"\n\t\t\tstyle=\"\" >\n\t\t\t\t\t\t\t\t\t<span class=\"uagb-svg-wrapper\" \n\t\t\t\t\t aria-label=\"Umschlag\"\t\t\t\t\ttabindex=\"0\">\t\t\n\t\t\t\t\t\t\t\t\t\t<svg xmlns=\"https:\/\/www.w3.org\/2000\/svg\" viewbox= \"0 0 512 512\" role=\"graphics-symbol\" aria-hidden=\"false\" aria-label=\"\"><path d=\"M464 64C490.5 64 512 85.49 512 112C512 127.1 504.9 141.3 492.8 150.4L275.2 313.6C263.8 322.1 248.2 322.1 236.8 313.6L19.2 150.4C7.113 141.3 0 127.1 0 112C0 85.49 21.49 64 48 64H464zM217.6 339.2C240.4 356.3 271.6 356.3 294.4 339.2L512 176V384C512 419.3 483.3 448 448 448H64C28.65 448 0 419.3 0 384V176L217.6 339.2z\"><\/path><\/svg>\n\t\t\t\t\t\t\t\t\t<\/span>\n\t\t\t\t\t\t\t<\/div>\n\t\t\t<\/div>\n\n\n\n<h4 class=\"wp-block-heading\"><strong><strong><strong>Kontaktieren Sie uns<\/strong><\/strong><\/strong><\/h4>\n\n\n\n<p>Senden Sie einen kurzen Lebenslauf (CV) und eine kurze Beschreibung Ihrer Forschungsinteressen und -ideen.<\/p>\n<\/div><\/div>\n<\/div>\n<\/div>","protected":false},"excerpt":{"rendered":"<p>Die Forschungsgruppe Information Systems &amp; eGovernment (ISEGov) am Institut f\u00fcr Angewandte Informatik der Universit\u00e4t Mazedonien bietet strukturierte Freiwilligenpraktika an, die den Studierenden helfen sollen, praktische Erfahrungen zu sammeln, Forschungskompetenzen zu entwickeln und zu laufenden akademischen und Outreach-Aktivit\u00e4ten beizutragen.Unser mehrstufiges Programm folgt internationalen Best Practices, die an f\u00fchrenden Universit\u00e4ten verwendet werden, und bietet [...]<\/p>","protected":false},"author":1,"featured_media":0,"parent":0,"menu_order":0,"comment_status":"closed","ping_status":"closed","template":"","meta":{"_uag_custom_page_level_css":".wp-block-uagb-tabs.uagb-block-dc1ee0ac.uagb-tabs__wrap.uagb-tabs__hstyle2-desktop.uagb-tabs__vstyle6-tablet.uagb-tabs__stack1-mobile a{\n\ttext-decoration:none;\n}\n\n\n.uagb-block-dc1ee0ac.uagb-tabs__wrap ul.uagb-tabs__panel li.uagb-tab.uagb-tabs__active a{\n\tbackground:#E0EAFF;\n\tborder-radius:18px;\n}","footnotes":""},"class_list":["post-176","page","type-page","status-publish","hentry"],"uagb_featured_image_src":{"full":false,"thumbnail":false,"medium":false,"medium_large":false,"large":false,"1536x1536":false,"2048x2048":false,"etm-custom-language-flag":false},"uagb_author_info":{"display_name":"admin","author_link":"https:\/\/isegov.dai.uom.gr\/de\/author\/admin\/"},"uagb_comment_info":0,"uagb_excerpt":"Student Volunteer Opportunities at ISEGov Research Group The&nbsp;Information Systems &amp; eGovernment (ISEGov) Research Group&nbsp;at the Department of Applied Informatics, University of Macedonia, offers structured volunteer placements designed to help students gain hands-on experience, develop research skills, and contribute to ongoing academic and outreach activities.Our tiered programme follows international best practices used at leading universities, providing&hellip;","_links":{"self":[{"href":"https:\/\/isegov.dai.uom.gr\/de\/wp-json\/wp\/v2\/pages\/176","targetHints":{"allow":["GET"]}}],"collection":[{"href":"https:\/\/isegov.dai.uom.gr\/de\/wp-json\/wp\/v2\/pages"}],"about":[{"href":"https:\/\/isegov.dai.uom.gr\/de\/wp-json\/wp\/v2\/types\/page"}],"author":[{"embeddable":true,"href":"https:\/\/isegov.dai.uom.gr\/de\/wp-json\/wp\/v2\/users\/1"}],"replies":[{"embeddable":true,"href":"https:\/\/isegov.dai.uom.gr\/de\/wp-json\/wp\/v2\/comments?post=176"}],"version-history":[{"count":72,"href":"https:\/\/isegov.dai.uom.gr\/de\/wp-json\/wp\/v2\/pages\/176\/revisions"}],"predecessor-version":[{"id":1136,"href":"https:\/\/isegov.dai.uom.gr\/de\/wp-json\/wp\/v2\/pages\/176\/revisions\/1136"}],"wp:attachment":[{"href":"https:\/\/isegov.dai.uom.gr\/de\/wp-json\/wp\/v2\/media?parent=176"}],"curies":[{"name":"wp","href":"https:\/\/api.w.org\/{rel}","templated":true}]}}