{"id":614,"date":"2025-03-10T13:56:43","date_gmt":"2025-03-10T10:56:43","guid":{"rendered":"https:\/\/dev-egovresearch.pantheonsite.io\/?page_id=614"},"modified":"2025-06-26T09:42:49","modified_gmt":"2025-06-26T06:42:49","slug":"ethical-research","status":"publish","type":"page","link":"https:\/\/isegov.dai.uom.gr\/de\/ethical-research\/","title":{"rendered":"Ethik"},"content":{"rendered":"<p><a href=\"https:\/\/isegov.dai.uom.gr\/de\/research-areas-2\/#\"><\/a><\/p>\n\n\n\n<div class=\"wp-block-uagb-container uagb-block-a076cbfb alignfull uagb-is-root-container\"><div class=\"uagb-container-inner-blocks-wrap\">\n<p>Ethik ist ein Querschnittsthema in all unseren Forschungen. In diesem speziellen Bereich untersuchen wir, wie ethische Grunds\u00e4tze systematisch in die Gestaltung, Einf\u00fchrung und Bewertung digitaler Systeme integriert werden k\u00f6nnen, insbesondere im Kontext des \u00f6ffentlichen Dienstes.<br>Unser Team verf\u00fcgt \u00fcber umfangreiche Erfahrung in der ethischen Bewertung von gro\u00df angelegten Forschungsprojekten und politischen Initiativen. Wir entwickeln Tools, Frameworks und Schulungsmaterialien, um Stakeholder bei der Bew\u00e4ltigung komplexer ethischer Fragen in der digitalen Transformation zu unterst\u00fctzen.<\/p>\n\n\n\n<div class=\"wp-block-uagb-advanced-heading uagb-block-3ce05c0d\"><h3 class=\"uagb-heading-text\"><strong>Forschungsschwerpunkte:<\/strong><\/h3><\/div>\n\n\n\n<ul class=\"wp-block-list\">\n<li>Ethik in KI und algorithmischer Entscheidungsfindung<\/li>\n\n\n\n<li>Ethik-by-Design bei Innovationen im \u00f6ffentlichen Sektor<\/li>\n\n\n\n<li>Governance neu entstehender Technologien<\/li>\n\n\n\n<li>Methoden der Ethikpr\u00fcfung f\u00fcr die Forschung<\/li>\n\n\n\n<li>Verantwortungsvolle Innovationsrahmen<\/li>\n<\/ul>\n\n\n\n<div class=\"wp-block-uagb-advanced-heading uagb-block-1a2dcebb\"><h3 class=\"uagb-heading-text\"><strong>Ausgew\u00e4hlte Projekte:<\/strong><\/h3><\/div>\n\n\n<div class=\"wp-block-uagb-faq uagb-faq__outer-wrap uagb-block-f8d11b47 uagb-faq-icon-row-reverse uagb-faq-layout-accordion uagb-faq-expand-first-false uagb-faq-inactive-other-true uagb-faq__wrap uagb-buttons-layout-wrap uagb-faq-equal-height\" data-faqtoggle=\"true\" role=\"tablist\"><div class=\"wp-block-uagb-faq-child uagb-faq-child__outer-wrap uagb-faq-item uagb-block-3ff2889f\" role=\"tab\" tabindex=\"0\"><div class=\"uagb-faq-questions-button uagb-faq-questions\">\t\t\t<span class=\"uagb-icon uagb-faq-icon-wrap\">\n\t\t\t\t\t\t\t\t<svg xmlns=\"https:\/\/www.w3.org\/2000\/svg\" viewbox= \"0 0 448 512\"><path d=\"M432 256c0 17.69-14.33 32.01-32 32.01H256v144c0 17.69-14.33 31.99-32 31.99s-32-14.3-32-31.99v-144H48c-17.67 0-32-14.32-32-32.01s14.33-31.99 32-31.99H192v-144c0-17.69 14.33-32.01 32-32.01s32 14.32 32 32.01v144h144C417.7 224 432 238.3 432 256z\"><\/path><\/svg>\n\t\t\t\t\t\t\t<\/span>\n\t\t\t\t\t\t<span class=\"uagb-icon-active uagb-faq-icon-wrap\">\n\t\t\t\t\t\t\t\t<svg xmlns=\"https:\/\/www.w3.org\/2000\/svg\" viewbox= \"0 0 448 512\"><path d=\"M400 288h-352c-17.69 0-32-14.32-32-32.01s14.31-31.99 32-31.99h352c17.69 0 32 14.3 32 31.99S417.7 288 400 288z\"><\/path><\/svg>\n\t\t\t\t\t\t\t<\/span>\n\t\t\t<span class=\"uagb-question\"><strong><strong>Virtual Embodiment und Robotic Re-Embodiment (VERE)<\/strong><\/strong><\/span><\/div><div class=\"uagb-faq-content\"><p>VERE erforscht die Verschmelzung von Menschen mit virtuellen oder robotischen K\u00f6rpern und erm\u00f6glicht es den Teilnehmern, sich durch Gehirn- und K\u00f6rperschnittstellen so zu f\u00fchlen, als w\u00e4ren diese Surrogate ihre eigenen. Das Projekt entwickelt Anwendungen in Bereichen wie der Hilfe f\u00fcr k\u00f6rperlich Behinderte und der Bek\u00e4mpfung h\u00e4uslicher Gewalt sowie der Untersuchung ethischer, psychologischer und neurowissenschaftlicher Implikationen.<\/p><\/div><\/div><div class=\"wp-block-uagb-faq-child uagb-faq-child__outer-wrap uagb-faq-item uagb-block-f489afa1\" role=\"tab\" tabindex=\"0\"><div class=\"uagb-faq-questions-button uagb-faq-questions\">\t\t\t<span class=\"uagb-icon uagb-faq-icon-wrap\">\n\t\t\t\t\t\t\t\t<svg xmlns=\"https:\/\/www.w3.org\/2000\/svg\" viewbox= \"0 0 448 512\"><path d=\"M432 256c0 17.69-14.33 32.01-32 32.01H256v144c0 17.69-14.33 31.99-32 31.99s-32-14.3-32-31.99v-144H48c-17.67 0-32-14.32-32-32.01s14.33-31.99 32-31.99H192v-144c0-17.69 14.33-32.01 32-32.01s32 14.32 32 32.01v144h144C417.7 224 432 238.3 432 256z\"><\/path><\/svg>\n\t\t\t\t\t\t\t<\/span>\n\t\t\t\t\t\t<span class=\"uagb-icon-active uagb-faq-icon-wrap\">\n\t\t\t\t\t\t\t\t<svg xmlns=\"https:\/\/www.w3.org\/2000\/svg\" viewbox= \"0 0 448 512\"><path d=\"M400 288h-352c-17.69 0-32-14.32-32-32.01s14.31-31.99 32-31.99h352c17.69 0 32 14.3 32 31.99S417.7 288 400 288z\"><\/path><\/svg>\n\t\t\t\t\t\t\t<\/span>\n\t\t\t<span class=\"uagb-question\"><strong><strong>CYBELE<\/strong><\/strong><\/span><\/div><div class=\"uagb-faq-content\"><p>Das CYBELE-Projekt nutzt Hochleistungsrechnen, Big Data, Cloud und IoT, um die Effizienz in der Landwirtschaft und Viehzucht zu steigern. Ziel ist es, die Lebensmittelversorgung und Nachhaltigkeit zu verbessern, indem gro\u00df angelegte Testumgebungen und eine virtuelle Umgebung f\u00fcr integrierten Datenzugang und integrierte Datendienste entwickelt werden.<\/p><\/div><\/div><\/div>\n\n\n<p><strong>\u00dcber diese Projekte hinaus<\/strong>, wir treiben unsere Arbeit an&nbsp;<strong>Ethik in KI und neuen Technologien<\/strong>, mit einem Fokus darauf, wie Werte wie&nbsp;<strong>Fairness, Transparenz und Rechenschaftspflicht<\/strong>&nbsp;Sie k\u00f6nnen in digitale Systeme eingebettet werden. Wir besch\u00e4ftigen uns insbesondere mit der Forschung zu&nbsp;<strong>Ethik-Bewertungsmethoden<\/strong>,&nbsp;<strong>Ethik-by-Design im \u00f6ffentlichen Dienst<\/strong>, und die Governance von&nbsp;<strong>automatisierte Entscheidungsfindung<\/strong>&nbsp;im \u00f6ffentlichen Sektor. Weitere Interessen umfassen&nbsp;<strong>ethische Herausforderungen im Bereich Big Data und Biometrie<\/strong>, die Entwicklung von&nbsp;<strong>verantwortungsvolle Innovationsrahmen<\/strong>, und die Rolle der&nbsp;<strong>Ethikkommissionen<\/strong>&nbsp;in Forschung und Politik. Wir leisten auch einen Beitrag zu Diskussionen auf nationaler und europ\u00e4ischer Ebene \u00fcber&nbsp;<strong>digitale Rechte<\/strong>&nbsp;und&nbsp;<strong>KI-Verordnung<\/strong>.<\/p>\n<\/div><\/div>","protected":false},"excerpt":{"rendered":"<p>Ethik ist ein Querschnittsthema in all unseren Forschungen. In diesem speziellen Aktionsbereich untersuchen wir, wie ethische Prinzipien systematisch in die Gestaltung, Einf\u00fchrung und Bewertung digitaler Systeme integriert werden k\u00f6nnen, insbesondere in den Kontexten des \u00f6ffentlichen Dienstes.Unser Team verf\u00fcgt \u00fcber umfangreiche Erfahrung in der ethischen Bewertung f\u00fcr gro\u00dfe Forschungsprojekte und politische Initiativen. Wir entwickeln Tools, Frameworks und [...]<\/p>","protected":false},"author":1,"featured_media":0,"parent":0,"menu_order":0,"comment_status":"closed","ping_status":"closed","template":"","meta":{"_uag_custom_page_level_css":"","footnotes":""},"class_list":["post-614","page","type-page","status-publish","hentry"],"uagb_featured_image_src":{"full":false,"thumbnail":false,"medium":false,"medium_large":false,"large":false,"1536x1536":false,"2048x2048":false,"etm-custom-language-flag":false},"uagb_author_info":{"display_name":"admin","author_link":"https:\/\/isegov.dai.uom.gr\/de\/author\/admin\/"},"uagb_comment_info":0,"uagb_excerpt":"Ethics is a cross-cutting concern in all our research. In this dedicated strand, we explore how ethical principles can be systematically integrated into the design, deployment, and evaluation of digital systems, especially in public service contexts.Our team has substantial experience in ethical evaluation for large-scale research projects and policy initiatives. We develop tools, frameworks, and&hellip;","_links":{"self":[{"href":"https:\/\/isegov.dai.uom.gr\/de\/wp-json\/wp\/v2\/pages\/614","targetHints":{"allow":["GET"]}}],"collection":[{"href":"https:\/\/isegov.dai.uom.gr\/de\/wp-json\/wp\/v2\/pages"}],"about":[{"href":"https:\/\/isegov.dai.uom.gr\/de\/wp-json\/wp\/v2\/types\/page"}],"author":[{"embeddable":true,"href":"https:\/\/isegov.dai.uom.gr\/de\/wp-json\/wp\/v2\/users\/1"}],"replies":[{"embeddable":true,"href":"https:\/\/isegov.dai.uom.gr\/de\/wp-json\/wp\/v2\/comments?post=614"}],"version-history":[{"count":5,"href":"https:\/\/isegov.dai.uom.gr\/de\/wp-json\/wp\/v2\/pages\/614\/revisions"}],"predecessor-version":[{"id":947,"href":"https:\/\/isegov.dai.uom.gr\/de\/wp-json\/wp\/v2\/pages\/614\/revisions\/947"}],"wp:attachment":[{"href":"https:\/\/isegov.dai.uom.gr\/de\/wp-json\/wp\/v2\/media?parent=614"}],"curies":[{"name":"wp","href":"https:\/\/api.w.org\/{rel}","templated":true}]}}