{"id":868,"date":"2025-06-11T13:47:13","date_gmt":"2025-06-11T10:47:13","guid":{"rendered":"https:\/\/dev-egovresearch.pantheonsite.io\/?page_id=868"},"modified":"2025-06-12T09:38:25","modified_gmt":"2025-06-12T06:38:25","slug":"ejustice","status":"publish","type":"page","link":"https:\/\/isegov.dai.uom.gr\/de\/ejustice\/","title":{"rendered":"E-Justiz"},"content":{"rendered":"<div class=\"wp-block-uagb-container uagb-block-62f6de88 alignfull uagb-is-root-container\"><div class=\"uagb-container-inner-blocks-wrap\">\n<p>Das Team untersucht, wie digitale Technologien das Lehren, Lernen und Bewerten in der formalen, informellen und lebenslangen Bildung verbessern k\u00f6nnen. Unsere Arbeit in&nbsp;<strong>eLearning<\/strong>&nbsp;konzentriert sich auf die Gestaltung und Bewertung digitaler Lernumgebungen, p\u00e4dagogischer Rahmenbedingungen und datengesteuerter Ans\u00e4tze zur Verbesserung der Lernergebnisse. <br>Wir sind besonders interessiert an&nbsp;<strong>Problembasiertes Lernen<\/strong>,&nbsp;<strong>Lernanalytik<\/strong>, und&nbsp;<strong>Adaptive Lernsysteme<\/strong>&nbsp;Inhalte und Feedback auf die individuellen Bed\u00fcrfnisse der Lernenden zuzuschneiden. Unsere Forschung basiert sowohl auf technischer Entwicklung als auch auf p\u00e4dagogischer Theorie, wobei die Anwendungen von der Hochschulbildung bis zur Ausbildung in der \u00f6ffentlichen Verwaltung reichen.<\/p>\n\n\n\n<div class=\"wp-block-uagb-advanced-heading uagb-block-3ee22fdb\"><h3 class=\"uagb-heading-text\"><strong>Forschungsschwerpunkte:<\/strong><\/h3><\/div>\n\n\n<div class=\"wp-block-uagb-faq uagb-faq__outer-wrap uagb-block-c716c01e uagb-faq-icon-row-reverse uagb-faq-layout-accordion uagb-faq-expand-first-false uagb-faq-inactive-other-true uagb-faq__wrap uagb-buttons-layout-wrap uagb-faq-equal-height\" data-faqtoggle=\"true\" role=\"tablist\"><div class=\"wp-block-uagb-faq-child uagb-faq-child__outer-wrap uagb-faq-item uagb-block-b8db6a79\" role=\"tab\" tabindex=\"0\"><div class=\"uagb-faq-questions-button uagb-faq-questions\">\t\t\t<span class=\"uagb-icon uagb-faq-icon-wrap\">\n\t\t\t\t\t\t\t\t<svg xmlns=\"https:\/\/www.w3.org\/2000\/svg\" viewbox= \"0 0 448 512\"><path d=\"M432 256c0 17.69-14.33 32.01-32 32.01H256v144c0 17.69-14.33 31.99-32 31.99s-32-14.3-32-31.99v-144H48c-17.67 0-32-14.32-32-32.01s14.33-31.99 32-31.99H192v-144c0-17.69 14.33-32.01 32-32.01s32 14.32 32 32.01v144h144C417.7 224 432 238.3 432 256z\"><\/path><\/svg>\n\t\t\t\t\t\t\t<\/span>\n\t\t\t\t\t\t<span class=\"uagb-icon-active uagb-faq-icon-wrap\">\n\t\t\t\t\t\t\t\t<svg xmlns=\"https:\/\/www.w3.org\/2000\/svg\" viewbox= \"0 0 448 512\"><path d=\"M400 288h-352c-17.69 0-32-14.32-32-32.01s14.31-31.99 32-31.99h352c17.69 0 32 14.3 32 31.99S417.7 288 400 288z\"><\/path><\/svg>\n\t\t\t\t\t\t\t<\/span>\n\t\t\t<span class=\"uagb-question\"><strong>Technologiegest\u00fctztes Problembasiertes Lernen<\/strong><\/span><\/div><div class=\"uagb-faq-content\"><p>Technology-enhanced Problem-based Learning (PBL) integriert digitale Tools und Ressourcen in einen Lehransatz, der sich auf die L\u00f6sung authentischer, realer Probleme konzentriert. In diesem Modell engagieren sich die Sch\u00fcler aktiv am Lernen, indem sie gemeinsam L\u00f6sungen erforschen und finden, wobei Technologie Forschung, Kommunikation und die Schaffung verschiedener Produkte erleichtert. Der Einsatz verschiedener Technologien wie Web 2.0-Tools, Online-Datenbanken und Simulationssoftware kann verschiedene Phasen des PBL-Prozesses unterst\u00fctzen, von der Problemanalyse bis zur Pr\u00e4sentation von L\u00f6sungen. Dieser Ansatz zielt darauf ab, kritisches Denken, Probleml\u00f6sungsf\u00e4higkeiten und selbstgesteuertes Lernen zu entwickeln und die Sch\u00fcler auf komplexe Herausforderungen vorzubereiten. Studien deuten darauf hin, dass die Integration von Technologie in PBL tieferes Lernen, Engagement und die Entwicklung von F\u00e4higkeiten des 21. Jahrhunderts f\u00f6rdern kann.<\/p><\/div><\/div><div class=\"wp-block-uagb-faq-child uagb-faq-child__outer-wrap uagb-faq-item uagb-block-2b8afc3e\" role=\"tab\" tabindex=\"0\"><div class=\"uagb-faq-questions-button uagb-faq-questions\">\t\t\t<span class=\"uagb-icon uagb-faq-icon-wrap\">\n\t\t\t\t\t\t\t\t<svg xmlns=\"https:\/\/www.w3.org\/2000\/svg\" viewbox= \"0 0 448 512\"><path d=\"M432 256c0 17.69-14.33 32.01-32 32.01H256v144c0 17.69-14.33 31.99-32 31.99s-32-14.3-32-31.99v-144H48c-17.67 0-32-14.32-32-32.01s14.33-31.99 32-31.99H192v-144c0-17.69 14.33-32.01 32-32.01s32 14.32 32 32.01v144h144C417.7 224 432 238.3 432 256z\"><\/path><\/svg>\n\t\t\t\t\t\t\t<\/span>\n\t\t\t\t\t\t<span class=\"uagb-icon-active uagb-faq-icon-wrap\">\n\t\t\t\t\t\t\t\t<svg xmlns=\"https:\/\/www.w3.org\/2000\/svg\" viewbox= \"0 0 448 512\"><path d=\"M400 288h-352c-17.69 0-32-14.32-32-32.01s14.31-31.99 32-31.99h352c17.69 0 32 14.3 32 31.99S417.7 288 400 288z\"><\/path><\/svg>\n\t\t\t\t\t\t\t<\/span>\n\t\t\t<span class=\"uagb-question\"><strong>Lernanalytik und dateninformierte Bildung<\/strong><\/span><\/div><div class=\"uagb-faq-content\"><p>Learning Analytics umfasst die Messung, Sammlung, Analyse und Berichterstattung von Daten \u00fcber Lernende und ihre Lernkontexte. Der Hauptzweck besteht darin, das Lernen und die Umgebungen, in denen es stattfindet, zu verstehen und zu optimieren. Durch die Verfolgung von Sch\u00fclerinteraktionen mit Online-Lernsystemen wie Learning Management Systems (LMS) oder Social Media k\u00f6nnen P\u00e4dagogen Einblicke in Engagement, Fortschritt und potenzielle Schwierigkeiten gewinnen. Dieser datengesteuerte Ansatz kann verwendet werden, um Lernerfahrungen zu personalisieren, gef\u00e4hrdete Sch\u00fcler zu identifizieren, Lehrstrategien zu verbessern und die Lehrplanentwicklung zu informieren. Letztlich zielt die Lernanalyse darauf ab, die Lernergebnisse und die allgemeine Wirksamkeit von Bildungsprogrammen zu verbessern.<\/p><\/div><\/div><div class=\"wp-block-uagb-faq-child uagb-faq-child__outer-wrap uagb-faq-item uagb-block-e7b293a1\" role=\"tab\" tabindex=\"0\"><div class=\"uagb-faq-questions-button uagb-faq-questions\">\t\t\t<span class=\"uagb-icon uagb-faq-icon-wrap\">\n\t\t\t\t\t\t\t\t<svg xmlns=\"https:\/\/www.w3.org\/2000\/svg\" viewbox= \"0 0 448 512\"><path d=\"M432 256c0 17.69-14.33 32.01-32 32.01H256v144c0 17.69-14.33 31.99-32 31.99s-32-14.3-32-31.99v-144H48c-17.67 0-32-14.32-32-32.01s14.33-31.99 32-31.99H192v-144c0-17.69 14.33-32.01 32-32.01s32 14.32 32 32.01v144h144C417.7 224 432 238.3 432 256z\"><\/path><\/svg>\n\t\t\t\t\t\t\t<\/span>\n\t\t\t\t\t\t<span class=\"uagb-icon-active uagb-faq-icon-wrap\">\n\t\t\t\t\t\t\t\t<svg xmlns=\"https:\/\/www.w3.org\/2000\/svg\" viewbox= \"0 0 448 512\"><path d=\"M400 288h-352c-17.69 0-32-14.32-32-32.01s14.31-31.99 32-31.99h352c17.69 0 32 14.3 32 31.99S417.7 288 400 288z\"><\/path><\/svg>\n\t\t\t\t\t\t\t<\/span>\n\t\t\t<span class=\"uagb-question\"><strong>Personalisierte und adaptive Lernumgebungen<\/strong><\/span><\/div><div class=\"uagb-faq-content\"><p>Eine Lernumgebung umfasst den gesamten physischen, sozialen, psychologischen und kulturellen Kontext, in dem das Lernen stattfindet. Es umfasst nicht nur die physische Umgebung, wie ein Klassenzimmer oder eine Online-Plattform, sondern auch den p\u00e4dagogischen Ansatz, die Interaktionen zwischen Sch\u00fclern und Ausbildern und das allgemeine Ethos und die Kultur des Lernraums. Effektive Lernumgebungen sind darauf ausgelegt, verschiedene Lernende zu f\u00f6rdern, gut zu organisieren und zu unterst\u00fctzen und bieten M\u00f6glichkeiten f\u00fcr Auswahl, Erkundung und Experimentieren. Faktoren wie Klassenzimmermanagement, ein Gemeinschaftsgef\u00fchl und die Integration von Heimatkulturen k\u00f6nnen das Engagement und den Erfolg der Sch\u00fcler erheblich beeinflussen. Die Gestaltung von Lernr\u00e4umen, einschlie\u00dflich des flexiblen Einsatzes von M\u00f6beln und Technologie, spielt eine Rolle bei der Unterst\u00fctzung verschiedener Lehr- und Lernaktivit\u00e4ten, um den individuellen Bed\u00fcrfnissen der Sch\u00fcler gerecht zu werden.<\/p><\/div><\/div><div class=\"wp-block-uagb-faq-child uagb-faq-child__outer-wrap uagb-faq-item uagb-block-143a5ddb\" role=\"tab\" tabindex=\"0\"><div class=\"uagb-faq-questions-button uagb-faq-questions\">\t\t\t<span class=\"uagb-icon uagb-faq-icon-wrap\">\n\t\t\t\t\t\t\t\t<svg xmlns=\"https:\/\/www.w3.org\/2000\/svg\" viewbox= \"0 0 448 512\"><path d=\"M432 256c0 17.69-14.33 32.01-32 32.01H256v144c0 17.69-14.33 31.99-32 31.99s-32-14.3-32-31.99v-144H48c-17.67 0-32-14.32-32-32.01s14.33-31.99 32-31.99H192v-144c0-17.69 14.33-32.01 32-32.01s32 14.32 32 32.01v144h144C417.7 224 432 238.3 432 256z\"><\/path><\/svg>\n\t\t\t\t\t\t\t<\/span>\n\t\t\t\t\t\t<span class=\"uagb-icon-active uagb-faq-icon-wrap\">\n\t\t\t\t\t\t\t\t<svg xmlns=\"https:\/\/www.w3.org\/2000\/svg\" viewbox= \"0 0 448 512\"><path d=\"M400 288h-352c-17.69 0-32-14.32-32-32.01s14.31-31.99 32-31.99h352c17.69 0 32 14.3 32 31.99S417.7 288 400 288z\"><\/path><\/svg>\n\t\t\t\t\t\t\t<\/span>\n\t\t\t<span class=\"uagb-question\"><strong>Digitale Bewertungs- und Feedbacksysteme<\/strong><\/span><\/div><div class=\"uagb-faq-content\"><p>Digitale Bewertungs- und Feedbacksysteme beziehen sich auf die Nutzung von Online-Tools zur Erfassung, Analyse und Reaktion auf Benutzereingaben in Bezug auf \u00f6ffentliche Dienste und Programme. Diese Systeme erm\u00f6glichen es den B\u00fcrgern, Echtzeit-Feedback bereitzustellen, Dienste zu bewerten und Erfahrungen \u00fcber Websites, mobile Apps oder interaktive Kioske auszutauschen. Die Hauptziele bestehen darin, die Qualit\u00e4t der Dienste zu verbessern, die Rechenschaftspflicht zu erh\u00f6hen und die datengesteuerte Entscheidungsfindung im \u00f6ffentlichen Sektor zu unterst\u00fctzen. Eine wirksame Umsetzung erfordert benutzerfreundliche Schnittstellen, robuste Datenschutzma\u00dfnahmen und Mechanismen, um auf R\u00fcckmeldungen zu reagieren und sicherzustellen, dass \u00f6ffentliche Einrichtungen weiterhin auf die Bed\u00fcrfnisse und Erwartungen der Gemeinschaften reagieren, denen sie dienen.<\/p><\/div><\/div><div class=\"wp-block-uagb-faq-child uagb-faq-child__outer-wrap uagb-faq-item uagb-block-0560051a\" role=\"tab\" tabindex=\"0\"><div class=\"uagb-faq-questions-button uagb-faq-questions\">\t\t\t<span class=\"uagb-icon uagb-faq-icon-wrap\">\n\t\t\t\t\t\t\t\t<svg xmlns=\"https:\/\/www.w3.org\/2000\/svg\" viewbox= \"0 0 448 512\"><path d=\"M432 256c0 17.69-14.33 32.01-32 32.01H256v144c0 17.69-14.33 31.99-32 31.99s-32-14.3-32-31.99v-144H48c-17.67 0-32-14.32-32-32.01s14.33-31.99 32-31.99H192v-144c0-17.69 14.33-32.01 32-32.01s32 14.32 32 32.01v144h144C417.7 224 432 238.3 432 256z\"><\/path><\/svg>\n\t\t\t\t\t\t\t<\/span>\n\t\t\t\t\t\t<span class=\"uagb-icon-active uagb-faq-icon-wrap\">\n\t\t\t\t\t\t\t\t<svg xmlns=\"https:\/\/www.w3.org\/2000\/svg\" viewbox= \"0 0 448 512\"><path d=\"M400 288h-352c-17.69 0-32-14.32-32-32.01s14.31-31.99 32-31.99h352c17.69 0 32 14.3 32 31.99S417.7 288 400 288z\"><\/path><\/svg>\n\t\t\t\t\t\t\t<\/span>\n\t\t\t<span class=\"uagb-question\"><strong>KI und semantische Technologien f\u00fcr die Bildung<\/strong><\/span><\/div><div class=\"uagb-faq-content\"><p>KI und semantische Technologien f\u00fcr die Bildung beinhalten die Anwendung von k\u00fcnstlicher Intelligenz und wissensbasierten Systemen, um Lernerfahrungen zu verbessern, den Unterricht zu personalisieren und die Bildungsergebnisse zu verbessern. Diese Technologien erm\u00f6glichen intelligente Inhaltsempfehlungen, automatisierte Bewertungen und adaptives Lernen, indem sie die Bedeutung und den Kontext von Bildungsmaterialien und Sch\u00fclerinteraktionen verstehen. Die prim\u00e4ren Ziele sind die Unterst\u00fctzung individualisierter Lernpfade, die Steigerung des Engagements und die Bereitstellung umsetzbarer Erkenntnisse f\u00fcr P\u00e4dagogen. Eine erfolgreiche Integration h\u00e4ngt von interoperablen Systemen, der Nutzung ethischer Daten und der Ausrichtung an p\u00e4dagogischen Zielen ab, um sicherzustellen, dass der technologische Fortschritt die Lehr- und Lernprozesse wirklich verbessert.<\/p><\/div><\/div><\/div>\n\n\n<div class=\"wp-block-uagb-advanced-heading uagb-block-8cdb4948\"><h3 class=\"uagb-heading-text\"><strong><strong>Ausgew\u00e4hlte Projekte:<\/strong><\/strong><\/h3><\/div>\n\n\n<div class=\"wp-block-uagb-faq uagb-faq__outer-wrap uagb-block-c63836c4 uagb-faq-icon-row-reverse uagb-faq-layout-accordion uagb-faq-expand-first-false uagb-faq-inactive-other-true uagb-faq__wrap uagb-buttons-layout-wrap uagb-faq-equal-height\" data-faqtoggle=\"true\" role=\"tablist\"><div class=\"wp-block-uagb-faq-child uagb-faq-child__outer-wrap uagb-faq-item uagb-block-70206e53\" role=\"tab\" tabindex=\"0\"><div class=\"uagb-faq-questions-button uagb-faq-questions\">\t\t\t<span class=\"uagb-icon uagb-faq-icon-wrap\">\n\t\t\t\t\t\t\t\t<svg xmlns=\"https:\/\/www.w3.org\/2000\/svg\" viewbox= \"0 0 448 512\"><path d=\"M432 256c0 17.69-14.33 32.01-32 32.01H256v144c0 17.69-14.33 31.99-32 31.99s-32-14.3-32-31.99v-144H48c-17.67 0-32-14.32-32-32.01s14.33-31.99 32-31.99H192v-144c0-17.69 14.33-32.01 32-32.01s32 14.32 32 32.01v144h144C417.7 224 432 238.3 432 256z\"><\/path><\/svg>\n\t\t\t\t\t\t\t<\/span>\n\t\t\t\t\t\t<span class=\"uagb-icon-active uagb-faq-icon-wrap\">\n\t\t\t\t\t\t\t\t<svg xmlns=\"https:\/\/www.w3.org\/2000\/svg\" viewbox= \"0 0 448 512\"><path d=\"M400 288h-352c-17.69 0-32-14.32-32-32.01s14.31-31.99 32-31.99h352c17.69 0 32 14.3 32 31.99S417.7 288 400 288z\"><\/path><\/svg>\n\t\t\t\t\t\t\t<\/span>\n\t\t\t<span class=\"uagb-question\"><strong>ODEdu (2016\u20132018)<\/strong><\/span><\/div><div class=\"uagb-faq-content\"><p>Entwicklung eines Rahmens f\u00fcr die allgemeine und berufliche Bildung mit offenen Daten, der auf problembasiertem Lernen und Lernanalysen basiert.<\/p><\/div><\/div><div class=\"wp-block-uagb-faq-child uagb-faq-child__outer-wrap uagb-faq-item uagb-block-fdfd9771\" role=\"tab\" tabindex=\"0\"><div class=\"uagb-faq-questions-button uagb-faq-questions\">\t\t\t<span class=\"uagb-icon uagb-faq-icon-wrap\">\n\t\t\t\t\t\t\t\t<svg xmlns=\"https:\/\/www.w3.org\/2000\/svg\" viewbox= \"0 0 448 512\"><path d=\"M432 256c0 17.69-14.33 32.01-32 32.01H256v144c0 17.69-14.33 31.99-32 31.99s-32-14.3-32-31.99v-144H48c-17.67 0-32-14.32-32-32.01s14.33-31.99 32-31.99H192v-144c0-17.69 14.33-32.01 32-32.01s32 14.32 32 32.01v144h144C417.7 224 432 238.3 432 256z\"><\/path><\/svg>\n\t\t\t\t\t\t\t<\/span>\n\t\t\t\t\t\t<span class=\"uagb-icon-active uagb-faq-icon-wrap\">\n\t\t\t\t\t\t\t\t<svg xmlns=\"https:\/\/www.w3.org\/2000\/svg\" viewbox= \"0 0 448 512\"><path d=\"M400 288h-352c-17.69 0-32-14.32-32-32.01s14.31-31.99 32-31.99h352c17.69 0 32 14.3 32 31.99S417.7 288 400 288z\"><\/path><\/svg>\n\t\t\t\t\t\t\t<\/span>\n\t\t\t<span class=\"uagb-question\"><strong>Flip2G (2019\u20132021)<\/strong><\/span><\/div><div class=\"uagb-faq-content\"><p>Konzentriert sich auf die Verbesserung der Bildung durch gamifizierte und anpassungsf\u00e4hige digitale Lernumgebungen.<\/p><\/div><\/div><div class=\"wp-block-uagb-faq-child uagb-faq-child__outer-wrap uagb-faq-item uagb-block-db47b861\" role=\"tab\" tabindex=\"0\"><div class=\"uagb-faq-questions-button uagb-faq-questions\">\t\t\t<span class=\"uagb-icon uagb-faq-icon-wrap\">\n\t\t\t\t\t\t\t\t<svg xmlns=\"https:\/\/www.w3.org\/2000\/svg\" viewbox= \"0 0 448 512\"><path d=\"M432 256c0 17.69-14.33 32.01-32 32.01H256v144c0 17.69-14.33 31.99-32 31.99s-32-14.3-32-31.99v-144H48c-17.67 0-32-14.32-32-32.01s14.33-31.99 32-31.99H192v-144c0-17.69 14.33-32.01 32-32.01s32 14.32 32 32.01v144h144C417.7 224 432 238.3 432 256z\"><\/path><\/svg>\n\t\t\t\t\t\t\t<\/span>\n\t\t\t\t\t\t<span class=\"uagb-icon-active uagb-faq-icon-wrap\">\n\t\t\t\t\t\t\t\t<svg xmlns=\"https:\/\/www.w3.org\/2000\/svg\" viewbox= \"0 0 448 512\"><path d=\"M400 288h-352c-17.69 0-32-14.32-32-32.01s14.31-31.99 32-31.99h352c17.69 0 32 14.3 32 31.99S417.7 288 400 288z\"><\/path><\/svg>\n\t\t\t\t\t\t\t<\/span>\n\t\t\t<span class=\"uagb-question\"><strong>PBL3 (2016\u20132018)<\/strong><\/span><\/div><div class=\"uagb-faq-content\"><p>Erforscht, wie Semantik und Analytik problembasierte Lernmethoden erweitern und verbessern k\u00f6nnen.<\/p><\/div><\/div><\/div>\n\n\n<p><strong>\u00dcber diese Projekte hinaus<\/strong>, Wir erweitern unsere Forschung um&nbsp;<strong>KI-gest\u00fctztes personalisiertes Lernen<\/strong>,&nbsp;<strong>Datengetriebenes Curriculum-Design<\/strong>, und die ethischen Implikationen der&nbsp;<strong>Lernanalytik<\/strong>. Wir sind besonders daran interessiert, wie&nbsp;<strong>generative Technologien<\/strong>&nbsp;(z.B. gro\u00dfe Sprachmodelle) k\u00f6nnen verantwortungsvoll in Lehre und Bewertung integriert werden. Weitere Interessensgebiete sind:&nbsp;<strong>Adaptive Lernsysteme<\/strong>,&nbsp;<strong>Kompetenzbasierte Bildung<\/strong>, und&nbsp;<strong>Digitale Zugangsdaten<\/strong>&nbsp;wie Microcredentials und Blockchain-basierte Zertifizierung. Wir untersuchen auch, wie aufkommende P\u00e4dagogik wie&nbsp;<strong>Immersives Lernen<\/strong>&nbsp;(AR\/VR) und&nbsp;<strong>Spielbasiertes Lernen<\/strong>&nbsp;kann das Engagement der Sch\u00fcler verbessern und unterschiedliche Lernbed\u00fcrfnisse unterst\u00fctzen.<\/p>\n\n\n\n<div class=\"wp-block-uagb-container uag-hide-desktop uag-hide-tab uag-hide-mob uagb-layout-flex uagb-block-7f0706ca default uagb-is-root-container\">\n<div class=\"wp-block-uagb-container card uagb-block-d51a6057 alignfull uagb-is-root-container\"><div class=\"uagb-container-inner-blocks-wrap\">\n<h4 class=\"wp-block-heading\">Technologiegest\u00fctztes Problembasiertes Lernen<\/h4>\n\n\n\n<p>Technology-enhanced Problem-based Learning (PBL) integriert digitale Tools und Ressourcen in einen Lehransatz, der sich auf die L\u00f6sung authentischer, realer Probleme konzentriert. In diesem Modell engagieren sich die Sch\u00fcler aktiv am Lernen, indem sie gemeinsam L\u00f6sungen erforschen und finden, wobei Technologie Forschung, Kommunikation und die Schaffung verschiedener Produkte erleichtert. Der Einsatz verschiedener Technologien wie Web 2.0-Tools, Online-Datenbanken und Simulationssoftware kann verschiedene Phasen des PBL-Prozesses unterst\u00fctzen, von der Problemanalyse bis zur Pr\u00e4sentation von L\u00f6sungen. Dieser Ansatz zielt darauf ab, kritisches Denken, Probleml\u00f6sungsf\u00e4higkeiten und selbstgesteuertes Lernen zu entwickeln und die Sch\u00fcler auf komplexe Herausforderungen vorzubereiten. Studien deuten darauf hin, dass die Integration von Technologie in PBL tieferes Lernen, Engagement und die Entwicklung von F\u00e4higkeiten des 21. Jahrhunderts f\u00f6rdern kann.<\/p>\n<\/div><\/div>\n\n\n\n<div class=\"wp-block-uagb-container card uagb-block-21196ea3 alignfull uagb-is-root-container\"><div class=\"uagb-container-inner-blocks-wrap\">\n<h4 class=\"wp-block-heading\"><strong>Lernanalytik<\/strong><\/h4>\n\n\n\n<p>Learning Analytics umfasst die Messung, Sammlung, Analyse und Berichterstattung von Daten \u00fcber Lernende und ihre Lernkontexte. Der Hauptzweck besteht darin, das Lernen und die Umgebungen, in denen es stattfindet, zu verstehen und zu optimieren. Durch die Verfolgung von Sch\u00fclerinteraktionen mit Online-Lernsystemen wie Learning Management Systems (LMS) oder Social Media k\u00f6nnen P\u00e4dagogen Einblicke in Engagement, Fortschritt und potenzielle Schwierigkeiten gewinnen. Dieser datengesteuerte Ansatz kann verwendet werden, um Lernerfahrungen zu personalisieren, gef\u00e4hrdete Sch\u00fcler zu identifizieren, Lehrstrategien zu verbessern und die Lehrplanentwicklung zu informieren. Letztlich zielt die Lernanalyse darauf ab, die Lernergebnisse und die allgemeine Wirksamkeit von Bildungsprogrammen zu verbessern.<\/p>\n<\/div><\/div>\n\n\n\n<div class=\"wp-block-uagb-container card uagb-block-db78c46b alignfull uagb-is-root-container\"><div class=\"uagb-container-inner-blocks-wrap\">\n<h4 class=\"wp-block-heading\"><strong><strong><strong>Lernumgebungen<\/strong><\/strong><\/strong><\/h4>\n\n\n\n<p>Eine Lernumgebung umfasst den gesamten physischen, sozialen, psychologischen und kulturellen Kontext, in dem das Lernen stattfindet. Es umfasst nicht nur die physische Umgebung, wie ein Klassenzimmer oder eine Online-Plattform, sondern auch den p\u00e4dagogischen Ansatz, die Interaktionen zwischen Sch\u00fclern und Ausbildern und das allgemeine Ethos und die Kultur des Lernraums. Effektive Lernumgebungen sind darauf ausgelegt, verschiedene Lernende zu f\u00f6rdern, gut zu organisieren und zu unterst\u00fctzen und bieten M\u00f6glichkeiten f\u00fcr Auswahl, Erkundung und Experimentieren. Faktoren wie Klassenzimmermanagement, ein Gemeinschaftsgef\u00fchl und die Integration von Heimatkulturen k\u00f6nnen das Engagement und den Erfolg der Sch\u00fcler erheblich beeinflussen. Die Gestaltung von Lernr\u00e4umen, einschlie\u00dflich des flexiblen Einsatzes von M\u00f6beln und Technologie, spielt eine Rolle bei der Unterst\u00fctzung verschiedener Lehr- und Lernaktivit\u00e4ten, um den individuellen Bed\u00fcrfnissen der Sch\u00fcler gerecht zu werden.<\/p>\n<\/div><\/div>\n<\/div>\n<\/div><\/div>","protected":false},"excerpt":{"rendered":"<p>Das Team untersucht, wie digitale Technologien das Lehren, Lernen und Bewerten in der formalen, informellen und lebenslangen Bildung verbessern k\u00f6nnen. Unsere Arbeit im Bereich eLearning konzentriert sich auf die Gestaltung und Bewertung digitaler Lernumgebungen, p\u00e4dagogischer Rahmenbedingungen und datengesteuerter Ans\u00e4tze zur Verbesserung der Lernergebnisse. Wir sind besonders an problembasiertem Lernen, Lernanalysen und adaptiven Lernsystemen interessiert, die Inhalte und [...]<\/p>","protected":false},"author":1,"featured_media":0,"parent":0,"menu_order":0,"comment_status":"closed","ping_status":"closed","template":"","meta":{"_uag_custom_page_level_css":"","footnotes":""},"class_list":["post-868","page","type-page","status-publish","hentry"],"uagb_featured_image_src":{"full":false,"thumbnail":false,"medium":false,"medium_large":false,"large":false,"1536x1536":false,"2048x2048":false,"etm-custom-language-flag":false},"uagb_author_info":{"display_name":"admin","author_link":"https:\/\/isegov.dai.uom.gr\/de\/author\/admin\/"},"uagb_comment_info":0,"uagb_excerpt":"The team investigates the ways in which digital technologies can enhance teaching, learning, and assessment across formal, informal, and lifelong education. Our work in&nbsp;eLearning&nbsp;focuses on the design and evaluation of digital learning environments, pedagogical frameworks, and data-driven approaches to improve learner outcomes. We are particularly interested in&nbsp;problem-based learning,&nbsp;learning analytics, and&nbsp;adaptive learning systems&nbsp;that tailor content and&hellip;","_links":{"self":[{"href":"https:\/\/isegov.dai.uom.gr\/de\/wp-json\/wp\/v2\/pages\/868","targetHints":{"allow":["GET"]}}],"collection":[{"href":"https:\/\/isegov.dai.uom.gr\/de\/wp-json\/wp\/v2\/pages"}],"about":[{"href":"https:\/\/isegov.dai.uom.gr\/de\/wp-json\/wp\/v2\/types\/page"}],"author":[{"embeddable":true,"href":"https:\/\/isegov.dai.uom.gr\/de\/wp-json\/wp\/v2\/users\/1"}],"replies":[{"embeddable":true,"href":"https:\/\/isegov.dai.uom.gr\/de\/wp-json\/wp\/v2\/comments?post=868"}],"version-history":[{"count":2,"href":"https:\/\/isegov.dai.uom.gr\/de\/wp-json\/wp\/v2\/pages\/868\/revisions"}],"predecessor-version":[{"id":896,"href":"https:\/\/isegov.dai.uom.gr\/de\/wp-json\/wp\/v2\/pages\/868\/revisions\/896"}],"wp:attachment":[{"href":"https:\/\/isegov.dai.uom.gr\/de\/wp-json\/wp\/v2\/media?parent=868"}],"curies":[{"name":"wp","href":"https:\/\/api.w.org\/{rel}","templated":true}]}}