{"id":878,"date":"2025-06-11T13:53:39","date_gmt":"2025-06-11T10:53:39","guid":{"rendered":"https:\/\/dev-egovresearch.pantheonsite.io\/?page_id=878"},"modified":"2025-06-12T09:52:50","modified_gmt":"2025-06-12T06:52:50","slug":"semantic-web-technologies","status":"publish","type":"page","link":"https:\/\/isegov.dai.uom.gr\/de\/semantic-web-technologies\/","title":{"rendered":"Semantische Web-Technologien"},"content":{"rendered":"<div class=\"wp-block-uagb-container uagb-block-01a9f5fb alignfull uagb-is-root-container\"><div class=\"uagb-container-inner-blocks-wrap\">\n<p>Semantische Web-Technologien stehen im Mittelpunkt unserer Forschung in&nbsp;<strong>Offene Daten<\/strong>,&nbsp;<strong>eGovernment<\/strong>, und&nbsp;<strong>Bildungssysteme<\/strong>. Wir verwenden Ontologien, verkn\u00fcpfte Daten und Metadatenstandards, um die Interoperabilit\u00e4t, Erkennung und Wiederverwendung von Daten zu verbessern.<\/p>\n\n\n\n<div class=\"wp-block-uagb-advanced-heading uagb-block-446c8c6d\"><h3 class=\"uagb-heading-text\"><strong>Interessengebiete:<\/strong><\/h3><\/div>\n\n\n\n<ul class=\"wp-block-list\">\n<li>Ontologie-Engineering und semantische Modellierung<\/li>\n\n\n\n<li>Linked Open Data (LOD) Plattformen und Vokabeln<\/li>\n\n\n\n<li>Semantische Anreicherung statistischer und staatlicher Daten<\/li>\n\n\n\n<li>Semantische Anmerkungen in eLearning-Umgebungen<\/li>\n\n\n\n<li>FAIR-Grunds\u00e4tze f\u00fcr die Dateninteroperabilit\u00e4t<\/li>\n<\/ul>\n\n\n\n<p>Wir sind besonders daran interessiert, semantische Technologien anzuwenden, um&nbsp;<strong>Politische Modellierung<\/strong>,&nbsp;<strong>Reform der \u00f6ffentlichen Verwaltung<\/strong>, und&nbsp;<strong>Personalisierung von Bildungsinhalten<\/strong>. Unser Team untersucht auch, wie&nbsp;<strong>semantische Argumentation<\/strong>&nbsp;und&nbsp;<strong>Wissensgraphen<\/strong>&nbsp;intelligentere und kontextbewusstere digitale Systeme erm\u00f6glichen k\u00f6nnen.<\/p>\n<\/div><\/div>","protected":false},"excerpt":{"rendered":"<p>Semantische Web-Technologien sind f\u00fcr unsere Forschung in den Bereichen Open Data, eGovernment und Bildungssysteme von zentraler Bedeutung. Wir verwenden Ontologien, verkn\u00fcpfte Daten und Metadatenstandards, um die Interoperabilit\u00e4t, Erkennung und Wiederverwendung von Daten zu verbessern. Interessengebiete: Wir sind besonders daran interessiert, semantische Technologien auf politische Modellierung, Reform der \u00f6ffentlichen Verwaltung und Personalisierung von Bildungsinhalten anzuwenden. Unser Team untersucht auch, wie semantisches Denken und Wissensgraphen intelligentere Prozesse erm\u00f6glichen k\u00f6nnen.<\/p>","protected":false},"author":1,"featured_media":0,"parent":0,"menu_order":0,"comment_status":"closed","ping_status":"closed","template":"","meta":{"_uag_custom_page_level_css":"","footnotes":""},"class_list":["post-878","page","type-page","status-publish","hentry"],"uagb_featured_image_src":{"full":false,"thumbnail":false,"medium":false,"medium_large":false,"large":false,"1536x1536":false,"2048x2048":false,"etm-custom-language-flag":false},"uagb_author_info":{"display_name":"admin","author_link":"https:\/\/isegov.dai.uom.gr\/de\/author\/admin\/"},"uagb_comment_info":0,"uagb_excerpt":"Semantic Web technologies are central to our research in&nbsp;open data,&nbsp;eGovernment, and&nbsp;education systems. We use ontologies, linked data, and metadata standards to enhance data interoperability, discovery, and reuse. Areas of Interest: We are particularly interested in applying semantic technologies to&nbsp;policy modeling,&nbsp;public administration reform, and&nbsp;educational content personalization. Our team also explores how&nbsp;semantic reasoning&nbsp;and&nbsp;knowledge graphs&nbsp;can enable more intelligent&hellip;","_links":{"self":[{"href":"https:\/\/isegov.dai.uom.gr\/de\/wp-json\/wp\/v2\/pages\/878","targetHints":{"allow":["GET"]}}],"collection":[{"href":"https:\/\/isegov.dai.uom.gr\/de\/wp-json\/wp\/v2\/pages"}],"about":[{"href":"https:\/\/isegov.dai.uom.gr\/de\/wp-json\/wp\/v2\/types\/page"}],"author":[{"embeddable":true,"href":"https:\/\/isegov.dai.uom.gr\/de\/wp-json\/wp\/v2\/users\/1"}],"replies":[{"embeddable":true,"href":"https:\/\/isegov.dai.uom.gr\/de\/wp-json\/wp\/v2\/comments?post=878"}],"version-history":[{"count":2,"href":"https:\/\/isegov.dai.uom.gr\/de\/wp-json\/wp\/v2\/pages\/878\/revisions"}],"predecessor-version":[{"id":904,"href":"https:\/\/isegov.dai.uom.gr\/de\/wp-json\/wp\/v2\/pages\/878\/revisions\/904"}],"wp:attachment":[{"href":"https:\/\/isegov.dai.uom.gr\/de\/wp-json\/wp\/v2\/media?parent=878"}],"curies":[{"name":"wp","href":"https:\/\/api.w.org\/{rel}","templated":true}]}}