{"id":881,"date":"2025-06-11T13:54:25","date_gmt":"2025-06-11T10:54:25","guid":{"rendered":"https:\/\/dev-egovresearch.pantheonsite.io\/?page_id=881"},"modified":"2025-06-12T09:53:05","modified_gmt":"2025-06-12T06:53:05","slug":"social-web-technologies","status":"publish","type":"page","link":"https:\/\/isegov.dai.uom.gr\/de\/social-web-technologies\/","title":{"rendered":"Social-Web-Technologien"},"content":{"rendered":"<div class=\"wp-block-uagb-container uagb-block-298f4490 alignfull uagb-is-root-container\"><div class=\"uagb-container-inner-blocks-wrap\">\n<p>Wir untersuchen, wie die&nbsp;<strong>Soziales Web<\/strong>\u2014 einschlie\u00dflich sozialer Medien, Online-Gemeinschaften und kollaborativer Plattformen \u2014 k\u00f6nnen genutzt werden, um die Governance, die Bildung und den \u00f6ffentlichen Dialog zu verbessern.<\/p>\n\n\n\n<div class=\"wp-block-uagb-advanced-heading uagb-block-c2ca9bf0\"><h3 class=\"uagb-heading-text\"><strong>Interessengebiete:<\/strong><\/h3><\/div>\n\n\n\n<ul class=\"wp-block-list\">\n<li>Social Media Analytics f\u00fcr politisches Feedback<\/li>\n\n\n\n<li>Sentimentanalyse und Public Opinion Mining<\/li>\n\n\n\n<li>Gamification und Community Engagement<\/li>\n\n\n\n<li>Integration von Social Data mit Open Government Data<\/li>\n\n\n\n<li>Soziale Lernumgebungen und kollaborative Tools<\/li>\n<\/ul>\n\n\n\n<p>Wir interessieren uns auch f\u00fcr die Implikationen von&nbsp;<strong>algorithmische Kuration<\/strong>,&nbsp;<strong>digitale Identit\u00e4t<\/strong>, und&nbsp;<strong>Informations\u00f6kosysteme<\/strong>&nbsp;\u00d6ffentlicher Diskurs und Partizipation. Unsere Forschung umfasst die Untersuchung der Rolle von Influencern, Fehlinformationsdynamiken und Vertrauensbildung auf sozialen Plattformen.<\/p>\n<\/div><\/div>","protected":false},"excerpt":{"rendered":"<p>Wir untersuchen, wie das Social Web \u2013 einschlie\u00dflich sozialer Medien, Online-Communities und kollaborativer Plattformen \u2013 genutzt werden kann, um die Governance, die Bildung und den \u00f6ffentlichen Dialog zu verbessern. Interessengebiete: Wir interessieren uns auch f\u00fcr die Implikationen von algorithmischer Kuration, digitaler Identit\u00e4t und Informations\u00f6kosystemen auf \u00f6ffentlichen Diskurs und Partizipation. Unsere Forschung umfasst die Untersuchung der Rolle von Influencern, Fehlinformationsdynamiken und Vertrauensbildung auf sozialen Plattformen.<\/p>","protected":false},"author":1,"featured_media":0,"parent":0,"menu_order":0,"comment_status":"closed","ping_status":"closed","template":"","meta":{"_uag_custom_page_level_css":"","footnotes":""},"class_list":["post-881","page","type-page","status-publish","hentry"],"uagb_featured_image_src":{"full":false,"thumbnail":false,"medium":false,"medium_large":false,"large":false,"1536x1536":false,"2048x2048":false,"etm-custom-language-flag":false},"uagb_author_info":{"display_name":"admin","author_link":"https:\/\/isegov.dai.uom.gr\/de\/author\/admin\/"},"uagb_comment_info":0,"uagb_excerpt":"We explore how the&nbsp;Social Web\u2014including social media, online communities, and collaborative platforms\u2014can be leveraged to improve governance, education, and public dialogue. Areas of Interest: We are also interested in the implications of&nbsp;algorithmic curation,&nbsp;digital identity, and&nbsp;information ecosystems&nbsp;on public discourse and participation. Our research includes exploring the role of influencers, misinformation dynamics, and trust-building on social platforms.","_links":{"self":[{"href":"https:\/\/isegov.dai.uom.gr\/de\/wp-json\/wp\/v2\/pages\/881","targetHints":{"allow":["GET"]}}],"collection":[{"href":"https:\/\/isegov.dai.uom.gr\/de\/wp-json\/wp\/v2\/pages"}],"about":[{"href":"https:\/\/isegov.dai.uom.gr\/de\/wp-json\/wp\/v2\/types\/page"}],"author":[{"embeddable":true,"href":"https:\/\/isegov.dai.uom.gr\/de\/wp-json\/wp\/v2\/users\/1"}],"replies":[{"embeddable":true,"href":"https:\/\/isegov.dai.uom.gr\/de\/wp-json\/wp\/v2\/comments?post=881"}],"version-history":[{"count":2,"href":"https:\/\/isegov.dai.uom.gr\/de\/wp-json\/wp\/v2\/pages\/881\/revisions"}],"predecessor-version":[{"id":905,"href":"https:\/\/isegov.dai.uom.gr\/de\/wp-json\/wp\/v2\/pages\/881\/revisions\/905"}],"wp:attachment":[{"href":"https:\/\/isegov.dai.uom.gr\/de\/wp-json\/wp\/v2\/media?parent=881"}],"curies":[{"name":"wp","href":"https:\/\/api.w.org\/{rel}","templated":true}]}}