{"id":884,"date":"2025-06-11T13:55:21","date_gmt":"2025-06-11T10:55:21","guid":{"rendered":"https:\/\/dev-egovresearch.pantheonsite.io\/?page_id=884"},"modified":"2025-06-12T09:53:19","modified_gmt":"2025-06-12T06:53:19","slug":"web-technologies","status":"publish","type":"page","link":"https:\/\/isegov.dai.uom.gr\/de\/web-technologies\/","title":{"rendered":"Web-Technologien"},"content":{"rendered":"<div class=\"wp-block-uagb-container uagb-block-c6541263 alignfull uagb-is-root-container\"><div class=\"uagb-container-inner-blocks-wrap\">\n<p>Als Grundlage in allen unseren Bereichen engagiert sich unser Team mit modernsten Technologien.&nbsp;<strong>Web-Technologien<\/strong>&nbsp;Unterst\u00fctzung interaktiver, zug\u00e4nglicher und zuverl\u00e4ssiger digitaler Dienste. Dazu geh\u00f6ren sowohl clientseitige als auch serverseitige Frameworks, Web-APIs und Architekturmodelle.<\/p>\n\n\n\n<div class=\"wp-block-uagb-advanced-heading uagb-block-3ca80c7a\"><h3 class=\"uagb-heading-text\"><strong>Interessengebiete:<\/strong><\/h3><\/div>\n\n\n\n<ul class=\"wp-block-list\">\n<li>Moderne Webentwicklungs-Frameworks (z.B. React, Angular, Vue)<\/li>\n\n\n\n<li>Barrierefreiheit und inklusives Design<\/li>\n\n\n\n<li>RESTful- und GraphQL-APIs f\u00fcr die Service-Integration<\/li>\n\n\n\n<li>Progressive Web Apps (PWAs) und Mobile-First-Design<\/li>\n\n\n\n<li>Serverlose und Cloud-native Architekturen<\/li>\n<\/ul>\n\n\n\n<p>Wir konzentrieren uns besonders darauf, wie Web-Technologien unterst\u00fctzen k\u00f6nnen&nbsp;<strong>Nutzerzentrierte digitale Transformation<\/strong>, stellen Sie sicher&nbsp;<strong>Interoperabilit\u00e4t<\/strong>&nbsp;\u00fcber alle Systeme hinweg und bieten belastbare und&nbsp;<strong>skalierbare Infrastruktur<\/strong>&nbsp;sowohl f\u00fcr Forschungsprototypen als auch f\u00fcr reale Plattformen des \u00f6ffentlichen Sektors.<\/p>\n<\/div><\/div>","protected":false},"excerpt":{"rendered":"<p>Als Grundlage f\u00fcr alle unsere Dom\u00e4nen arbeitet unser Team mit modernsten Webtechnologien zusammen, um interaktive, zug\u00e4ngliche und zuverl\u00e4ssige digitale Dienste zu unterst\u00fctzen. Dazu geh\u00f6ren sowohl clientseitige als auch serverseitige Frameworks, Web-APIs und Architekturmodelle. Interessengebiete: Wir konzentrieren uns insbesondere darauf, wie Web-Technologien die nutzerzentrierte digitale Transformation unterst\u00fctzen, die Interoperabilit\u00e4t zwischen Systemen sicherstellen und eine belastbare und skalierbare Infrastruktur f\u00fcr beide Unternehmen bereitstellen k\u00f6nnen.<\/p>","protected":false},"author":1,"featured_media":0,"parent":0,"menu_order":0,"comment_status":"closed","ping_status":"closed","template":"","meta":{"_uag_custom_page_level_css":"","footnotes":""},"class_list":["post-884","page","type-page","status-publish","hentry"],"uagb_featured_image_src":{"full":false,"thumbnail":false,"medium":false,"medium_large":false,"large":false,"1536x1536":false,"2048x2048":false,"etm-custom-language-flag":false},"uagb_author_info":{"display_name":"admin","author_link":"https:\/\/isegov.dai.uom.gr\/de\/author\/admin\/"},"uagb_comment_info":0,"uagb_excerpt":"As a foundation across all our domains, our team engages with cutting-edge&nbsp;Web Technologies&nbsp;to support interactive, accessible, and reliable digital services. This includes both client-side and server-side frameworks, web APIs, and architectural models. Areas of Interest: We are particularly focused on how Web technologies can support&nbsp;user-centered digital transformation, ensure&nbsp;interoperability&nbsp;across systems, and provide resilient and&nbsp;scalable infrastructure&nbsp;for both&hellip;","_links":{"self":[{"href":"https:\/\/isegov.dai.uom.gr\/de\/wp-json\/wp\/v2\/pages\/884","targetHints":{"allow":["GET"]}}],"collection":[{"href":"https:\/\/isegov.dai.uom.gr\/de\/wp-json\/wp\/v2\/pages"}],"about":[{"href":"https:\/\/isegov.dai.uom.gr\/de\/wp-json\/wp\/v2\/types\/page"}],"author":[{"embeddable":true,"href":"https:\/\/isegov.dai.uom.gr\/de\/wp-json\/wp\/v2\/users\/1"}],"replies":[{"embeddable":true,"href":"https:\/\/isegov.dai.uom.gr\/de\/wp-json\/wp\/v2\/comments?post=884"}],"version-history":[{"count":2,"href":"https:\/\/isegov.dai.uom.gr\/de\/wp-json\/wp\/v2\/pages\/884\/revisions"}],"predecessor-version":[{"id":906,"href":"https:\/\/isegov.dai.uom.gr\/de\/wp-json\/wp\/v2\/pages\/884\/revisions\/906"}],"wp:attachment":[{"href":"https:\/\/isegov.dai.uom.gr\/de\/wp-json\/wp\/v2\/media?parent=884"}],"curies":[{"name":"wp","href":"https:\/\/api.w.org\/{rel}","templated":true}]}}