{"id":176,"date":"2025-02-20T15:02:58","date_gmt":"2025-02-20T12:02:58","guid":{"rendered":"https:\/\/dev-egovresearch.pantheonsite.io\/?page_id=176"},"modified":"2026-01-12T10:52:44","modified_gmt":"2026-01-12T07:52:44","slug":"for-students","status":"publish","type":"page","link":"https:\/\/isegov.dai.uom.gr\/fr\/for-students\/","title":{"rendered":"Possibilit\u00e9s de participation des \u00e9tudiants"},"content":{"rendered":"<style>\n.card {\n    background: white;\n    border-radius: 16px;\n    padding: 2rem;\n    box-shadow: 0 4px 6px -1px rgba(0, 0, 0, 0.1);\n    transition: all 0.4s cubic-bezier(0.4, 0, 0.2, 1);\n    position: relative;\n    overflow: hidden;\n    opacity: 0;\n    animation: fadeInUp 0.6s ease forwards;\n  }\n  \n  .card::before {\n  content: '';\n  position: absolute;\n  top: 0;\n  left: 0;\n  width: 100%;\n  height: 4px;\n  background: linear-gradient(90deg, #3b82f6, #2563eb);\n  opacity: 0;\n  transition: opacity 0.3s ease;\n  border-top-left-radius: 16px;  \/* Match the card's border radius *\/\n  border-top-right-radius: 16px; \/* Match the card's border radius *\/\n}\n  \n  .card:hover {\n    transform: translateY(-8px);\n    box-shadow: 0 20px 25px -5px rgba(0, 0, 0, 0.1), 0 10px 10px -5px rgba(0, 0, 0, 0.04);\n  }\n  \n  .card:hover::before {\n    opacity: 1;\n  }\n  \n  @keyframes fadeInUp {\n    from {\n      opacity: 0;\n      transform: translateY(20px);\n    }\n    to {\n      opacity: 1;\n      transform: translateY(0);\n    }\n  }\n<\/style>\n\n\n\n<div class=\"wp-block-group is-layout-constrained wp-container-core-group-is-layout-583ae556 wp-block-group-is-layout-constrained\" style=\"margin-top:var(--wp--preset--spacing--50);margin-bottom:var(--wp--preset--spacing--50);padding-top:0;padding-bottom:0\">\n<div class=\"wp-block-group has-theme-13-color has-text-color has-background has-link-color wp-elements-9cdc82f5f83911065a29e28059df7bdc is-layout-constrained wp-container-core-group-is-layout-1297599e wp-block-group-is-layout-constrained\" style=\"border-radius:16px;background:linear-gradient(135deg,rgb(37,99,235) 0%,rgb(30,64,175) 100%);min-height:0px;margin-bottom:2rem;padding-top:3rem;padding-right:2rem;padding-bottom:3rem;padding-left:2rem\">\n<h2 class=\"wp-block-heading has-theme-13-color has-text-color has-link-color wp-elements-2708693e0c3eb405d6be27a137458a12\">Opportunit\u00e9s de b\u00e9n\u00e9volat \u00e9tudiantes au Groupe de recherche ISEGov<\/h2>\n\n\n\n<p style=\"margin-bottom:var(--wp--preset--spacing--40);font-size:1.1rem\">Le&nbsp;<strong>Groupe de recherche sur les syst\u00e8mes d'information &amp; eGovernment (ISEGov)<\/strong>&nbsp;au D\u00e9partement d'informatique appliqu\u00e9e de l'Universit\u00e9 de Mac\u00e9doine, offre des stages b\u00e9n\u00e9voles structur\u00e9s con\u00e7us pour aider les \u00e9tudiants \u00e0 acqu\u00e9rir une exp\u00e9rience pratique, \u00e0 d\u00e9velopper des comp\u00e9tences en recherche et \u00e0 contribuer aux activit\u00e9s acad\u00e9miques et de sensibilisation en cours.<br>Notre programme \u00e0 plusieurs niveaux suit les meilleures pratiques internationales utilis\u00e9es dans les principales universit\u00e9s, offrant des responsabilit\u00e9s de plus en plus avanc\u00e9es \u00e0 mesure que les \u00e9tudiants progressent dans leurs \u00e9tudes.<\/p>\n<\/div>\n\n\n\n<div class=\"wp-block-uagb-tabs uagb-block-dc1ee0ac uagb-tabs__wrap uagb-tabs__hstyle2-desktop uagb-tabs__vstyle6-tablet uagb-tabs__stack1-mobile\" data-tab-active=\"0\"><ul class=\"uagb-tabs__panel uagb-tabs__align-left\" role=\"tablist\"><li class=\"uagb-tab uagb-tabs__active\" role=\"none\"><a href=\"#uagb-tabs__tab0\" class=\"uagb-tabs-list uagb-tabs__icon-position-left\" data-tab=\"0\" role=\"tab\"><div>\u00c9tudiants de 1re \u00e0 2e ann\u00e9e<\/div><\/a><\/li><li class=\"uagb-tab\" role=\"none\"><a href=\"#uagb-tabs__tab1\" class=\"uagb-tabs-list uagb-tabs__icon-position-left\" data-tab=\"1\" role=\"tab\"><div>\u00c9tudiants de 3e ann\u00e9e<\/div><\/a><\/li><li class=\"uagb-tab\" role=\"none\"><a href=\"#uagb-tabs__tab2\" class=\"uagb-tabs-list uagb-tabs__icon-position-left\" data-tab=\"2\" role=\"tab\"><div>\u00c9tudiants de 4e ann\u00e9e<\/div><\/a><\/li><\/ul><div class=\"uagb-tabs__body-wrap\">\n<div class=\"wp-block-uagb-tabs-child uagb-tabs__body-container uagb-inner-tab-0\" aria-labelledby=\"uagb-tabs__tab0\">\n<div class=\"wp-block-uagb-container uagb-block-323be95f alignfull uagb-is-root-container\"><div class=\"uagb-container-inner-blocks-wrap\">\n<p><strong>Heures<\/strong>: 2 heures\/semaine, un semestre<\/p>\n\n\n\n<p><strong>R\u00f4le:<\/strong> Communications num\u00e9riques &amp; Soutien Web B\u00e9n\u00e9vole<\/p>\n\n\n\n<p><strong>Vue d'ensemble:<\/strong><\/p>\n\n\n\n<p>Les \u00e9tudiants de premi\u00e8re ann\u00e9e sont initi\u00e9s aux environnements de recherche acad\u00e9mique gr\u00e2ce \u00e0 des t\u00e2ches pratiques de faible intensit\u00e9 qui renforcent la litt\u00e9ratie num\u00e9rique et le travail d'\u00e9quipe. Sous la supervision du personnel, les volontaires soutiennent la communication et la pr\u00e9sence en ligne du groupe.<\/p>\n\n\n\n<p><strong>Responsabilit\u00e9s indicatives:<\/strong><\/p>\n\n\n\n<ul class=\"wp-block-list\">\n<li>Pr\u00e9parer et publier de courtes mises \u00e0 jour du site Web (actualit\u00e9s, \u00e9v\u00e9nements, r\u00e9alisations)<\/li>\n\n\n\n<li>Aider \u00e0 la gestion des canaux de m\u00e9dias sociaux (programmation du contenu, analyses de base)<\/li>\n\n\n\n<li>Soutenir les activit\u00e9s de sensibilisation (p. ex., r\u00e9diger de courts rapports, pr\u00e9parer du mat\u00e9riel visuel)<\/li>\n\n\n\n<li>Aider \u00e0 maintenir la pr\u00e9cision et la coh\u00e9rence sur toutes les plateformes num\u00e9riques<\/li>\n\n\n\n<li>Participer \u00e0 une br\u00e8ve formation sur les normes de communication et l'accessibilit\u00e9 du web<\/li>\n<\/ul>\n\n\n\n<p><strong>R\u00e9sultats d'apprentissage attendus:<\/strong><\/p>\n\n\n\n<ul class=\"wp-block-list\">\n<li>Exp\u00e9rience avec les flux de travail de communication acad\u00e9mique<\/li>\n\n\n\n<li>Am\u00e9lioration de l'\u00e9criture, des m\u00e9dias num\u00e9riques et des comp\u00e9tences de collaboration<\/li>\n\n\n\n<li>Familiarit\u00e9 avec les outils professionnels pour la gestion du contenu et des m\u00e9dias sociaux<\/li>\n<\/ul>\n<\/div><\/div>\n<\/div>\n\n\n\n<div class=\"wp-block-uagb-tabs-child uagb-tabs__body-container uagb-inner-tab-1\" aria-labelledby=\"uagb-tabs__tab1\">\n<div class=\"wp-block-uagb-container uagb-block-d50a92ae alignfull uagb-is-root-container\"><div class=\"uagb-container-inner-blocks-wrap\">\n<p><strong>Heures<\/strong>: 5 heures\/semaine, un semestre<\/p>\n\n\n\n<p><strong>R\u00f4le:<\/strong> Assistant de recherche junior<\/p>\n\n\n\n<p><strong>Vue d'ensemble:<\/strong><\/p>\n\n\n\n<p>Les \u00e9tudiants en troisi\u00e8me ann\u00e9e rejoignent structur\u00e9&nbsp;<strong>mini-projets de recherche<\/strong>&nbsp;align\u00e9 sur les domaines th\u00e9matiques du groupe. Ces projets simulent des mod\u00e8les internationaux d'assistants de recherche de premier cycle (par exemple, des programmes de type UROP), en mettant l'accent sur la recherche guid\u00e9e, la collecte de donn\u00e9es et l'analyse introductive.<\/p>\n\n\n\n<p><strong>Responsabilit\u00e9s indicatives:<\/strong><\/p>\n\n\n\n<ul class=\"wp-block-list\">\n<li>Effectuer des recherches bibliographiques et organiser du mat\u00e9riel bibliographique<\/li>\n\n\n\n<li>Aider \u00e0 la pr\u00e9paration des donn\u00e9es, \u00e0 des analyses simples ou au d\u00e9veloppement de prototypes<\/li>\n\n\n\n<li>Soutenir le corps professoral et les chercheurs chevronn\u00e9s dans les activit\u00e9s de recherche en cours<\/li>\n\n\n\n<li>Participer \u00e0 des r\u00e9unions hebdomadaires de recherche et pr\u00e9senter les progr\u00e8s accomplis<\/li>\n\n\n\n<li>Contribuer \u00e0 de courts rapports internes ou \u00e0 des m\u00e9moires de recherche<\/li>\n<\/ul>\n\n\n\n<p><strong>R\u00e9sultats d'apprentissage attendus:<\/strong><\/p>\n\n\n\n<ul class=\"wp-block-list\">\n<li>Exposition pratique aux m\u00e9thodes de recherche acad\u00e9mique<\/li>\n\n\n\n<li>D\u00e9veloppement de comp\u00e9tences analytiques, techniques et de r\u00e9solution de probl\u00e8mes<\/li>\n\n\n\n<li>Capacit\u00e9 \u00e0 travailler dans le cadre d'un plan de recherche structur\u00e9<\/li>\n\n\n\n<li>Pr\u00e9paration pour le travail de niveau dissertation dans la derni\u00e8re ann\u00e9e<\/li>\n<\/ul>\n\n\n\n<p><strong>Exigences suppl\u00e9mentaires:<\/strong><\/p>\n\n\n\n<ul class=\"wp-block-list\">\n<li>Les \u00e9tudiants sont cens\u00e9s suivre les cours au choix \u00abGouvernement \u00e9lectronique\u00bb et \u00abSyst\u00e8mes d\u2019information avanc\u00e9s\u00bb 4<sup>i\u00e8me<\/sup>&nbsp;cours d'un an au cours de leurs 3<sup>rd<\/sup>&nbsp;ann\u00e9e d'\u00e9tudes<\/li>\n<\/ul>\n<\/div><\/div>\n<\/div>\n\n\n\n<div class=\"wp-block-uagb-tabs-child uagb-tabs__body-container uagb-inner-tab-2\" aria-labelledby=\"uagb-tabs__tab2\">\n<div class=\"wp-block-uagb-container uagb-block-8a6b3236 alignfull uagb-is-root-container\"><div class=\"uagb-container-inner-blocks-wrap\">\n<p><strong>Heures<\/strong>: 10 heures\/semaine pour toute l'ann\u00e9e acad\u00e9mique<\/p>\n\n\n\n<p><strong>R\u00f4le:<\/strong> Assistant de recherche principal (Dissertation-Placement int\u00e9gr\u00e9)<\/p>\n\n\n\n<p><strong>Vue d'ensemble:<\/strong><\/p>\n\n\n\n<p>Les \u00e9tudiants de derni\u00e8re ann\u00e9e entreprennent un engagement d'un an qui int\u00e8gre leur&nbsp;<strong>M\u00e9moire de bachelor<\/strong>&nbsp;avec une participation active \u00e0 un volet de recherche ISEGov. Ce r\u00f4le refl\u00e8te les meilleures pratiques internationales en mati\u00e8re de recherche avanc\u00e9e de premier cycle, combinant le travail ind\u00e9pendant avec le mentorat du personnel acad\u00e9mique.<\/p>\n\n\n\n<p><strong>Responsabilit\u00e9s indicatives:<\/strong><\/p>\n\n\n\n<ul class=\"wp-block-list\">\n<li>Concevoir et ex\u00e9cuter un projet de recherche sous la supervision du corps professoral<\/li>\n\n\n\n<li>R\u00e9alisation d'une revue avanc\u00e9e de la litt\u00e9rature, de la conception de la m\u00e9thodologie et de l'analyse des donn\u00e9es<\/li>\n\n\n\n<li>D\u00e9veloppement de prototypes de logiciels, de mod\u00e8les ou d'\u00e9valuations de politiques (selon le sujet)<\/li>\n\n\n\n<li>Pr\u00e9paration des r\u00e9sultats de la recherche (affiches de conf\u00e9rence, documents courts, ensembles de donn\u00e9es, documentation)<\/li>\n\n\n\n<li>Pr\u00e9senter les progr\u00e8s lors des r\u00e9unions de recherche et contribuer aux publications du groupe, le cas \u00e9ch\u00e9ant<\/li>\n\n\n\n<li>Aider \u00e0 encadrer les jeunes \u00e9tudiants dans de petites activit\u00e9s ax\u00e9es sur les t\u00e2ches<\/li>\n<\/ul>\n\n\n\n<p><strong>R\u00e9sultats d'apprentissage attendus:<\/strong><\/p>\n\n\n\n<ul class=\"wp-block-list\">\n<li>Compr\u00e9hension approfondie du cycle de vie de la recherche<\/li>\n\n\n\n<li>Capacit\u00e9s techniques et analytiques avanc\u00e9es<\/li>\n\n\n\n<li>Exp\u00e9rience dans la r\u00e9daction scientifique et la diffusion acad\u00e9mique<\/li>\n\n\n\n<li>Pr\u00e9paration professionnelle aux \u00e9tudes de troisi\u00e8me cycle ou aux carri\u00e8res ax\u00e9es sur la recherche<\/li>\n<\/ul>\n<\/div><\/div>\n<\/div>\n<\/div><\/div>\n\n\n\n<h3 class=\"wp-block-heading has-theme-3-color has-text-color has-link-color uag-hide-desktop uag-hide-tab uag-hide-mob wp-elements-cc67d526d542aae637fb6b52fbb8c5f2\" style=\"border-bottom-color:#e2e8f0;border-bottom-width:2px;padding-bottom:1rem\"><strong>Commencer<\/strong><\/h3>\n\n\n\n<p class=\"uag-hide-desktop uag-hide-tab uag-hide-mob\">Si vous souhaitez faire un projet acad\u00e9mique avec nous, suivez ces \u00e9tapes:<\/p>\n\n\n\n<div class=\"wp-block-uagb-container uag-hide-desktop uag-hide-tab uag-hide-mob uagb-layout-flex uagb-block-7f0706ca default uagb-is-root-container\">\n<div class=\"wp-block-uagb-container card uagb-block-d51a6057 alignfull uagb-is-root-container\"><div class=\"uagb-container-inner-blocks-wrap\">\n<div class=\"wp-block-uagb-container uagb-block-b6c0481c\">      \n\t\t\t<div class=\"uagb-icon-wrapper uagb-block-15573609\"\n\t\t\tstyle=\"\" >\n\t\t\t\t\t\t\t\t\t<span class=\"uagb-svg-wrapper\" \n\t\t\t\t\t aria-label=\"livre ouvert\"\t\t\t\t\ttabindex=\"0\">\t\t\n\t\t\t\t\t\t\t\t\t\t<svg xmlns=\"https:\/\/www.w3.org\/2000\/svg\" viewbox= \"0 0 576 512\" role=\"graphics-symbol\" aria-hidden=\"false\" aria-label=\"\"><path d=\"M144.3 32.04C106.9 31.29 63.7 41.44 18.6 61.29c-11.42 5.026-18.6 16.67-18.6 29.15l0 357.6c0 11.55 11.99 19.55 22.45 14.65c126.3-59.14 219.8 11 223.8 14.01C249.1 478.9 252.5 480 256 480c12.4 0 16-11.38 16-15.98V80.04c0-5.203-2.531-10.08-6.781-13.08C263.3 65.58 216.7 33.35 144.3 32.04zM557.4 61.29c-45.11-19.79-88.48-29.61-125.7-29.26c-72.44 1.312-118.1 33.55-120.9 34.92C306.5 69.96 304 74.83 304 80.04v383.1C304 468.4 307.5 480 320 480c3.484 0 6.938-1.125 9.781-3.328c3.925-3.018 97.44-73.16 223.8-14c10.46 4.896 22.45-3.105 22.45-14.65l.0001-357.6C575.1 77.97 568.8 66.31 557.4 61.29z\"><\/path><\/svg>\n\t\t\t\t\t\t\t\t\t<\/span>\n\t\t\t\t\t\t\t<\/div>\n\t\t\t<\/div>\n\n\n\n<h4 class=\"wp-block-heading\"><strong>Familiarisez-vous avec nos recherches<\/strong><\/h4>\n\n\n\n<p>Explorez nos int\u00e9r\u00eats de recherche, nos publications et nos projets en cours. Cela vous aidera \u00e0 comprendre les domaines th\u00e9matiques dans lesquels nous pouvons offrir des conseils substantiels.<\/p>\n<\/div><\/div>\n\n\n\n<div class=\"wp-block-uagb-container card uagb-block-21196ea3 alignfull uagb-is-root-container\"><div class=\"uagb-container-inner-blocks-wrap\">\n<div class=\"wp-block-uagb-container uagb-block-2899ffba\">      \n\t\t\t<div class=\"uagb-icon-wrapper uagb-block-4862b3a2\"\n\t\t\tstyle=\"\" >\n\t\t\t\t\t\t\t\t\t<span class=\"uagb-svg-wrapper\" \n\t\t\t\t\t aria-label=\"fichier\"\t\t\t\t\ttabindex=\"0\">\t\t\n\t\t\t\t\t\t\t\t\t\t<svg xmlns=\"https:\/\/www.w3.org\/2000\/svg\" viewbox= \"0 0 384 512\" role=\"graphics-symbol\" aria-hidden=\"false\" aria-label=\"\"><path d=\"M0 64C0 28.65 28.65 0 64 0H224V128C224 145.7 238.3 160 256 160H384V448C384 483.3 355.3 512 320 512H64C28.65 512 0 483.3 0 448V64zM256 128V0L384 128H256z\"><\/path><\/svg>\n\t\t\t\t\t\t\t\t\t<\/span>\n\t\t\t\t\t\t\t<\/div>\n\t\t\t<\/div>\n\n\n\n<h4 class=\"wp-block-heading\"><strong>Explorer les sujets propos\u00e9s<\/strong><\/h4>\n\n\n\n<p>Passez en revue les listes de sujets de th\u00e8se\/dissertation propos\u00e9s qui sont disponibles. Si vous avez votre propre id\u00e9e qui s'aligne sur les objectifs du groupe de recherche eGov, nous sommes ouverts \u00e0 en discuter.<\/p>\n<\/div><\/div>\n\n\n\n<div class=\"wp-block-uagb-container card uagb-block-db78c46b alignfull uagb-is-root-container\"><div class=\"uagb-container-inner-blocks-wrap\">\n<div class=\"wp-block-uagb-container uagb-block-7ec58984\">      \n\t\t\t<div class=\"uagb-icon-wrapper uagb-block-e653b5b9\"\n\t\t\tstyle=\"\" >\n\t\t\t\t\t\t\t\t\t<span class=\"uagb-svg-wrapper\" \n\t\t\t\t\t aria-label=\"enveloppe\"\t\t\t\t\ttabindex=\"0\">\t\t\n\t\t\t\t\t\t\t\t\t\t<svg xmlns=\"https:\/\/www.w3.org\/2000\/svg\" viewbox= \"0 0 512 512\" role=\"graphics-symbol\" aria-hidden=\"false\" aria-label=\"\"><path d=\"M464 64C490.5 64 512 85.49 512 112C512 127.1 504.9 141.3 492.8 150.4L275.2 313.6C263.8 322.1 248.2 322.1 236.8 313.6L19.2 150.4C7.113 141.3 0 127.1 0 112C0 85.49 21.49 64 48 64H464zM217.6 339.2C240.4 356.3 271.6 356.3 294.4 339.2L512 176V384C512 419.3 483.3 448 448 448H64C28.65 448 0 419.3 0 384V176L217.6 339.2z\"><\/path><\/svg>\n\t\t\t\t\t\t\t\t\t<\/span>\n\t\t\t\t\t\t\t<\/div>\n\t\t\t<\/div>\n\n\n\n<h4 class=\"wp-block-heading\"><strong><strong><strong>Contactez-nous<\/strong><\/strong><\/strong><\/h4>\n\n\n\n<p>Envoyez un bref curriculum vitae (CV) et une description concise de vos int\u00e9r\u00eats et id\u00e9es de recherche.<\/p>\n<\/div><\/div>\n<\/div>\n<\/div>","protected":false},"excerpt":{"rendered":"<p>Le groupe de recherche sur les syst\u00e8mes d'information et l'administration en ligne (ISEGov) du D\u00e9partement d'informatique appliqu\u00e9e de l'Universit\u00e9 de Mac\u00e9doine propose des stages de volontariat structur\u00e9s con\u00e7us pour aider les \u00e9tudiants \u00e0 acqu\u00e9rir une exp\u00e9rience pratique, \u00e0 d\u00e9velopper leurs comp\u00e9tences en recherche et \u00e0 contribuer aux activit\u00e9s acad\u00e9miques et de sensibilisation en cours.Notre programme \u00e0 plusieurs niveaux suit les meilleures pratiques internationales utilis\u00e9es dans les principales universit\u00e9s, offrant des opportunit\u00e9s de volontariat pour les \u00e9tudiants.<\/p>","protected":false},"author":1,"featured_media":0,"parent":0,"menu_order":0,"comment_status":"closed","ping_status":"closed","template":"","meta":{"_uag_custom_page_level_css":".wp-block-uagb-tabs.uagb-block-dc1ee0ac.uagb-tabs__wrap.uagb-tabs__hstyle2-desktop.uagb-tabs__vstyle6-tablet.uagb-tabs__stack1-mobile a{\n\ttext-decoration:none;\n}\n\n\n.uagb-block-dc1ee0ac.uagb-tabs__wrap ul.uagb-tabs__panel li.uagb-tab.uagb-tabs__active a{\n\tbackground:#E0EAFF;\n\tborder-radius:18px;\n}","footnotes":""},"class_list":["post-176","page","type-page","status-publish","hentry"],"uagb_featured_image_src":{"full":false,"thumbnail":false,"medium":false,"medium_large":false,"large":false,"1536x1536":false,"2048x2048":false,"etm-custom-language-flag":false},"uagb_author_info":{"display_name":"admin","author_link":"https:\/\/isegov.dai.uom.gr\/fr\/author\/admin\/"},"uagb_comment_info":0,"uagb_excerpt":"Student Volunteer Opportunities at ISEGov Research Group The&nbsp;Information Systems &amp; eGovernment (ISEGov) Research Group&nbsp;at the Department of Applied Informatics, University of Macedonia, offers structured volunteer placements designed to help students gain hands-on experience, develop research skills, and contribute to ongoing academic and outreach activities.Our tiered programme follows international best practices used at leading universities, providing\u2026","_links":{"self":[{"href":"https:\/\/isegov.dai.uom.gr\/fr\/wp-json\/wp\/v2\/pages\/176","targetHints":{"allow":["GET"]}}],"collection":[{"href":"https:\/\/isegov.dai.uom.gr\/fr\/wp-json\/wp\/v2\/pages"}],"about":[{"href":"https:\/\/isegov.dai.uom.gr\/fr\/wp-json\/wp\/v2\/types\/page"}],"author":[{"embeddable":true,"href":"https:\/\/isegov.dai.uom.gr\/fr\/wp-json\/wp\/v2\/users\/1"}],"replies":[{"embeddable":true,"href":"https:\/\/isegov.dai.uom.gr\/fr\/wp-json\/wp\/v2\/comments?post=176"}],"version-history":[{"count":72,"href":"https:\/\/isegov.dai.uom.gr\/fr\/wp-json\/wp\/v2\/pages\/176\/revisions"}],"predecessor-version":[{"id":1136,"href":"https:\/\/isegov.dai.uom.gr\/fr\/wp-json\/wp\/v2\/pages\/176\/revisions\/1136"}],"wp:attachment":[{"href":"https:\/\/isegov.dai.uom.gr\/fr\/wp-json\/wp\/v2\/media?parent=176"}],"curies":[{"name":"wp","href":"https:\/\/api.w.org\/{rel}","templated":true}]}}