{"id":614,"date":"2025-03-10T13:56:43","date_gmt":"2025-03-10T10:56:43","guid":{"rendered":"https:\/\/dev-egovresearch.pantheonsite.io\/?page_id=614"},"modified":"2025-06-26T09:42:49","modified_gmt":"2025-06-26T06:42:49","slug":"ethical-research","status":"publish","type":"page","link":"https:\/\/isegov.dai.uom.gr\/fr\/ethical-research\/","title":{"rendered":"\u00c9thique"},"content":{"rendered":"<p><a href=\"https:\/\/isegov.dai.uom.gr\/fr\/research-areas-2\/#\"><\/a><\/p>\n\n\n\n<div class=\"wp-block-uagb-container uagb-block-a076cbfb alignfull uagb-is-root-container\"><div class=\"uagb-container-inner-blocks-wrap\">\n<p>L'\u00e9thique est une pr\u00e9occupation transversale dans toutes nos recherches. Dans ce volet sp\u00e9cifique, nous explorons comment les principes \u00e9thiques peuvent \u00eatre syst\u00e9matiquement int\u00e9gr\u00e9s dans la conception, le d\u00e9ploiement et l'\u00e9valuation des syst\u00e8mes num\u00e9riques, en particulier dans les contextes de service public.<br>Notre \u00e9quipe poss\u00e8de une vaste exp\u00e9rience dans l'\u00e9valuation \u00e9thique de projets de recherche et d'initiatives politiques \u00e0 grande \u00e9chelle. Nous d\u00e9veloppons des outils, des cadres et du mat\u00e9riel de formation pour aider les parties prenantes \u00e0 naviguer dans les questions \u00e9thiques complexes de la transformation num\u00e9rique.<\/p>\n\n\n\n<div class=\"wp-block-uagb-advanced-heading uagb-block-3ce05c0d\"><h3 class=\"uagb-heading-text\"><strong>Principaux sujets de recherche:<\/strong><\/h3><\/div>\n\n\n\n<ul class=\"wp-block-list\">\n<li>L'\u00e9thique dans l'IA et la prise de d\u00e9cision algorithmique<\/li>\n\n\n\n<li>L'\u00e9thique d\u00e8s la conception dans l'innovation du secteur public<\/li>\n\n\n\n<li>Gouvernance des technologies \u00e9mergentes<\/li>\n\n\n\n<li>M\u00e9thodes d'\u00e9valuation \u00e9thique pour la recherche<\/li>\n\n\n\n<li>Cadres d'innovation responsable<\/li>\n<\/ul>\n\n\n\n<div class=\"wp-block-uagb-advanced-heading uagb-block-1a2dcebb\"><h3 class=\"uagb-heading-text\"><strong>Projets s\u00e9lectionn\u00e9s:<\/strong><\/h3><\/div>\n\n\n<div class=\"wp-block-uagb-faq uagb-faq__outer-wrap uagb-block-f8d11b47 uagb-faq-icon-row-reverse uagb-faq-layout-accordion uagb-faq-expand-first-false uagb-faq-inactive-other-true uagb-faq__wrap uagb-buttons-layout-wrap uagb-faq-equal-height\" data-faqtoggle=\"true\" role=\"tablist\"><div class=\"wp-block-uagb-faq-child uagb-faq-child__outer-wrap uagb-faq-item uagb-block-3ff2889f\" role=\"tab\" tabindex=\"0\"><div class=\"uagb-faq-questions-button uagb-faq-questions\">\t\t\t<span class=\"uagb-icon uagb-faq-icon-wrap\">\n\t\t\t\t\t\t\t\t<svg xmlns=\"https:\/\/www.w3.org\/2000\/svg\" viewbox= \"0 0 448 512\"><path d=\"M432 256c0 17.69-14.33 32.01-32 32.01H256v144c0 17.69-14.33 31.99-32 31.99s-32-14.3-32-31.99v-144H48c-17.67 0-32-14.32-32-32.01s14.33-31.99 32-31.99H192v-144c0-17.69 14.33-32.01 32-32.01s32 14.32 32 32.01v144h144C417.7 224 432 238.3 432 256z\"><\/path><\/svg>\n\t\t\t\t\t\t\t<\/span>\n\t\t\t\t\t\t<span class=\"uagb-icon-active uagb-faq-icon-wrap\">\n\t\t\t\t\t\t\t\t<svg xmlns=\"https:\/\/www.w3.org\/2000\/svg\" viewbox= \"0 0 448 512\"><path d=\"M400 288h-352c-17.69 0-32-14.32-32-32.01s14.31-31.99 32-31.99h352c17.69 0 32 14.3 32 31.99S417.7 288 400 288z\"><\/path><\/svg>\n\t\t\t\t\t\t\t<\/span>\n\t\t\t<span class=\"uagb-question\"><strong><strong>Incarnation virtuelle et r\u00e9incarnation robotique (VERE)<\/strong><\/strong><\/span><\/div><div class=\"uagb-faq-content\"><p>VERE explore la fusion des humains avec des corps virtuels ou robotiques, permettant aux participants de se sentir comme si ces substituts \u00e9taient les leurs \u00e0 travers des interfaces c\u00e9r\u00e9brales et corporelles. Le projet d\u00e9veloppe des applications dans des domaines tels que l'aide aux personnes handicap\u00e9es physiques et la lutte contre la violence domestique, tout en \u00e9tudiant les implications \u00e9thiques, psychologiques et neuroscientifiques.<\/p><\/div><\/div><div class=\"wp-block-uagb-faq-child uagb-faq-child__outer-wrap uagb-faq-item uagb-block-f489afa1\" role=\"tab\" tabindex=\"0\"><div class=\"uagb-faq-questions-button uagb-faq-questions\">\t\t\t<span class=\"uagb-icon uagb-faq-icon-wrap\">\n\t\t\t\t\t\t\t\t<svg xmlns=\"https:\/\/www.w3.org\/2000\/svg\" viewbox= \"0 0 448 512\"><path d=\"M432 256c0 17.69-14.33 32.01-32 32.01H256v144c0 17.69-14.33 31.99-32 31.99s-32-14.3-32-31.99v-144H48c-17.67 0-32-14.32-32-32.01s14.33-31.99 32-31.99H192v-144c0-17.69 14.33-32.01 32-32.01s32 14.32 32 32.01v144h144C417.7 224 432 238.3 432 256z\"><\/path><\/svg>\n\t\t\t\t\t\t\t<\/span>\n\t\t\t\t\t\t<span class=\"uagb-icon-active uagb-faq-icon-wrap\">\n\t\t\t\t\t\t\t\t<svg xmlns=\"https:\/\/www.w3.org\/2000\/svg\" viewbox= \"0 0 448 512\"><path d=\"M400 288h-352c-17.69 0-32-14.32-32-32.01s14.31-31.99 32-31.99h352c17.69 0 32 14.3 32 31.99S417.7 288 400 288z\"><\/path><\/svg>\n\t\t\t\t\t\t\t<\/span>\n\t\t\t<span class=\"uagb-question\"><strong><strong>CYBELE<\/strong><\/strong><\/span><\/div><div class=\"uagb-faq-content\"><p>Le projet CYBELE utilise le calcul haute performance, le Big Data, le cloud et l'IoT pour renforcer l'efficacit\u00e9 dans l'agriculture et l'\u00e9levage. Il vise \u00e0 am\u00e9liorer l'approvisionnement alimentaire et la durabilit\u00e9 en d\u00e9veloppant des bancs d'essai \u00e0 grande \u00e9chelle et un environnement virtuel pour l'acc\u00e8s int\u00e9gr\u00e9 aux donn\u00e9es et aux services.<\/p><\/div><\/div><\/div>\n\n\n<p><strong>Au-del\u00e0 de ces projets<\/strong>, nous faisons progresser nos travaux sur&nbsp;<strong>\u00e9thique dans le domaine de l\u2019IA et des technologies \u00e9mergentes<\/strong>, en mettant l\u2019accent sur la mani\u00e8re dont les valeurs&nbsp;<strong>\u00e9quit\u00e9, transparence et responsabilit\u00e9<\/strong>&nbsp;peut \u00eatre int\u00e9gr\u00e9 dans des syst\u00e8mes num\u00e9riques. Nous sommes particuli\u00e8rement engag\u00e9s dans la recherche sur&nbsp;<strong>m\u00e9thodologies d\u2019\u00e9valuation \u00e9thique<\/strong>,&nbsp;<strong>\u00e9thique d\u00e8s la conception dans les services publics<\/strong>, et la gouvernance de&nbsp;<strong>prise de d\u00e9cision automatis\u00e9e<\/strong>&nbsp;dans le secteur public. Les int\u00e9r\u00eats suppl\u00e9mentaires incluent:&nbsp;<strong>d\u00e9fis \u00e9thiques en mati\u00e8re de m\u00e9gadonn\u00e9es et de biom\u00e9trie<\/strong>, le d\u00e9veloppement de&nbsp;<strong>cadres d\u2019innovation responsable<\/strong>, et le r\u00f4le de&nbsp;<strong>Comit\u00e9s d'\u00e9thique<\/strong>&nbsp;dans la recherche et la politique. Nous contribuons \u00e9galement aux discussions nationales et europ\u00e9ennes sur&nbsp;<strong>droits num\u00e9riques<\/strong>&nbsp;et&nbsp;<strong>R\u00e9glementation en mati\u00e8re d\u2019IA<\/strong>.<\/p>\n<\/div><\/div>","protected":false},"excerpt":{"rendered":"<p>L'\u00e9thique est une pr\u00e9occupation transversale dans toutes nos recherches. Dans ce volet d\u00e9di\u00e9, nous explorons comment les principes \u00e9thiques peuvent \u00eatre syst\u00e9matiquement int\u00e9gr\u00e9s dans la conception, le d\u00e9ploiement et l'\u00e9valuation des syst\u00e8mes num\u00e9riques, en particulier dans les contextes de service public. Nous d\u00e9veloppons des outils, des cadres et [...]<\/p>","protected":false},"author":1,"featured_media":0,"parent":0,"menu_order":0,"comment_status":"closed","ping_status":"closed","template":"","meta":{"_uag_custom_page_level_css":"","footnotes":""},"class_list":["post-614","page","type-page","status-publish","hentry"],"uagb_featured_image_src":{"full":false,"thumbnail":false,"medium":false,"medium_large":false,"large":false,"1536x1536":false,"2048x2048":false,"etm-custom-language-flag":false},"uagb_author_info":{"display_name":"admin","author_link":"https:\/\/isegov.dai.uom.gr\/fr\/author\/admin\/"},"uagb_comment_info":0,"uagb_excerpt":"Ethics is a cross-cutting concern in all our research. In this dedicated strand, we explore how ethical principles can be systematically integrated into the design, deployment, and evaluation of digital systems, especially in public service contexts.Our team has substantial experience in ethical evaluation for large-scale research projects and policy initiatives. We develop tools, frameworks, and\u2026","_links":{"self":[{"href":"https:\/\/isegov.dai.uom.gr\/fr\/wp-json\/wp\/v2\/pages\/614","targetHints":{"allow":["GET"]}}],"collection":[{"href":"https:\/\/isegov.dai.uom.gr\/fr\/wp-json\/wp\/v2\/pages"}],"about":[{"href":"https:\/\/isegov.dai.uom.gr\/fr\/wp-json\/wp\/v2\/types\/page"}],"author":[{"embeddable":true,"href":"https:\/\/isegov.dai.uom.gr\/fr\/wp-json\/wp\/v2\/users\/1"}],"replies":[{"embeddable":true,"href":"https:\/\/isegov.dai.uom.gr\/fr\/wp-json\/wp\/v2\/comments?post=614"}],"version-history":[{"count":5,"href":"https:\/\/isegov.dai.uom.gr\/fr\/wp-json\/wp\/v2\/pages\/614\/revisions"}],"predecessor-version":[{"id":947,"href":"https:\/\/isegov.dai.uom.gr\/fr\/wp-json\/wp\/v2\/pages\/614\/revisions\/947"}],"wp:attachment":[{"href":"https:\/\/isegov.dai.uom.gr\/fr\/wp-json\/wp\/v2\/media?parent=614"}],"curies":[{"name":"wp","href":"https:\/\/api.w.org\/{rel}","templated":true}]}}