{"id":618,"date":"2025-03-10T13:59:15","date_gmt":"2025-03-10T10:59:15","guid":{"rendered":"https:\/\/dev-egovresearch.pantheonsite.io\/?page_id=618"},"modified":"2025-06-30T10:20:12","modified_gmt":"2025-06-30T07:20:12","slug":"open-data","status":"publish","type":"page","link":"https:\/\/isegov.dai.uom.gr\/fr\/open-data\/","title":{"rendered":"Donn\u00e9es ouvertes"},"content":{"rendered":"<p><a href=\"https:\/\/isegov.dai.uom.gr\/fr\/research-areas-2\/#\"><\/a><\/p>\n\n\n\n<div class=\"wp-block-uagb-container uagb-block-0ae87087 alignfull uagb-is-root-container\"><div class=\"uagb-container-inner-blocks-wrap\">\n<p>L'\u00e9quipe de recherche promeut l'utilisation de&nbsp;<strong>donn\u00e9es ouvertes<\/strong>&nbsp;soutenir la transparence, l\u2019innovation et les politiques fond\u00e9es sur des donn\u00e9es probantes. Notre travail dans ce domaine explore les dimensions techniques, institutionnelles et soci\u00e9tales de l'ouverture et de la r\u00e9utilisation des donn\u00e9es. <br>Nous nous concentrons sur la fa\u00e7on dont les donn\u00e9es du secteur public peuvent \u00eatre publi\u00e9es, enrichies et li\u00e9es afin de maximiser leur valeur pour les citoyens, les entreprises, les chercheurs et la soci\u00e9t\u00e9 civile. Notre \u00e9quipe combine des technologies s\u00e9mantiques, des outils de visualisation et des m\u00e9thodes participatives pour faire progresser les pratiques d'open data.<\/p>\n\n\n\n<div class=\"wp-block-uagb-advanced-heading uagb-block-108c18ba\"><h3 class=\"uagb-heading-text\"><strong>Principaux sujets de recherche<\/strong>:<\/h3><\/div>\n\n\n<div class=\"wp-block-uagb-faq uagb-faq__outer-wrap uagb-block-1130cda2 uagb-faq-icon-row-reverse uagb-faq-layout-accordion uagb-faq-expand-first-false uagb-faq-inactive-other-true uagb-faq__wrap uagb-buttons-layout-wrap uagb-faq-equal-height\" data-faqtoggle=\"true\" role=\"tablist\"><div class=\"wp-block-uagb-faq-child uagb-faq-child__outer-wrap uagb-faq-item uagb-block-9de9cd5d\" role=\"tab\" tabindex=\"0\"><div class=\"uagb-faq-questions-button uagb-faq-questions\">\t\t\t<span class=\"uagb-icon uagb-faq-icon-wrap\">\n\t\t\t\t\t\t\t\t<svg xmlns=\"https:\/\/www.w3.org\/2000\/svg\" viewbox= \"0 0 448 512\"><path d=\"M432 256c0 17.69-14.33 32.01-32 32.01H256v144c0 17.69-14.33 31.99-32 31.99s-32-14.3-32-31.99v-144H48c-17.67 0-32-14.32-32-32.01s14.33-31.99 32-31.99H192v-144c0-17.69 14.33-32.01 32-32.01s32 14.32 32 32.01v144h144C417.7 224 432 238.3 432 256z\"><\/path><\/svg>\n\t\t\t\t\t\t\t<\/span>\n\t\t\t\t\t\t<span class=\"uagb-icon-active uagb-faq-icon-wrap\">\n\t\t\t\t\t\t\t\t<svg xmlns=\"https:\/\/www.w3.org\/2000\/svg\" viewbox= \"0 0 448 512\"><path d=\"M400 288h-352c-17.69 0-32-14.32-32-32.01s14.31-31.99 32-31.99h352c17.69 0 32 14.3 32 31.99S417.7 288 400 288z\"><\/path><\/svg>\n\t\t\t\t\t\t\t<\/span>\n\t\t\t<span class=\"uagb-question\"><strong>Donn\u00e9es ouvertes li\u00e9es (LOD) et interop\u00e9rabilit\u00e9 des donn\u00e9es<\/strong><\/span><\/div><div class=\"uagb-faq-content\"><p>Les donn\u00e9es ouvertes li\u00e9es (LOD) combinent les principes des donn\u00e9es li\u00e9es avec les donn\u00e9es ouvertes, ce qui signifie que les donn\u00e9es sont non seulement structur\u00e9es et interconnect\u00e9es, mais \u00e9galement disponibles gratuitement pour quiconque les utilise, les r\u00e9utilise et les distribue. Les technologies cl\u00e9s sous-tendant la LOD comprennent les identificateurs de ressources uniformes (URI) pour identifier de mani\u00e8re unique les entit\u00e9s, HTTP pour r\u00e9cup\u00e9rer ces ressources et le cadre de description des ressources (RDF) en tant que mod\u00e8le de donn\u00e9es bas\u00e9 sur des graphiques pour structurer et relier les donn\u00e9es. SPARQL est le langage de requ\u00eate utilis\u00e9 pour r\u00e9cup\u00e9rer et manipuler les donn\u00e9es stock\u00e9es au format RDF. L'objectif est de cr\u00e9er un r\u00e9seau de donn\u00e9es o\u00f9 les informations provenant de diverses sources peuvent \u00eatre facilement connect\u00e9es, partag\u00e9es et trait\u00e9es par des machines, ce qui permet d'obtenir des informations plus riches et de nouvelles applications.<\/p><\/div><\/div><div class=\"wp-block-uagb-faq-child uagb-faq-child__outer-wrap uagb-faq-item uagb-block-15409cf2\" role=\"tab\" tabindex=\"0\"><div class=\"uagb-faq-questions-button uagb-faq-questions\">\t\t\t<span class=\"uagb-icon uagb-faq-icon-wrap\">\n\t\t\t\t\t\t\t\t<svg xmlns=\"https:\/\/www.w3.org\/2000\/svg\" viewbox= \"0 0 448 512\"><path d=\"M432 256c0 17.69-14.33 32.01-32 32.01H256v144c0 17.69-14.33 31.99-32 31.99s-32-14.3-32-31.99v-144H48c-17.67 0-32-14.32-32-32.01s14.33-31.99 32-31.99H192v-144c0-17.69 14.33-32.01 32-32.01s32 14.32 32 32.01v144h144C417.7 224 432 238.3 432 256z\"><\/path><\/svg>\n\t\t\t\t\t\t\t<\/span>\n\t\t\t\t\t\t<span class=\"uagb-icon-active uagb-faq-icon-wrap\">\n\t\t\t\t\t\t\t\t<svg xmlns=\"https:\/\/www.w3.org\/2000\/svg\" viewbox= \"0 0 448 512\"><path d=\"M400 288h-352c-17.69 0-32-14.32-32-32.01s14.31-31.99 32-31.99h352c17.69 0 32 14.3 32 31.99S417.7 288 400 288z\"><\/path><\/svg>\n\t\t\t\t\t\t\t<\/span>\n\t\t\t<span class=\"uagb-question\"><strong>Normes relatives \u00e0 l'enrichissement s\u00e9mantique et aux m\u00e9tadonn\u00e9es<\/strong><\/span><\/div><div class=\"uagb-faq-content\"><p>Les normes d'enrichissement s\u00e9mantique et de m\u00e9tadonn\u00e9es font r\u00e9f\u00e9rence aux processus et aux cadres utilis\u00e9s pour am\u00e9liorer le contenu num\u00e9rique avec des informations significatives et structur\u00e9es qui am\u00e9liorent la d\u00e9couvrabilit\u00e9, l'interop\u00e9rabilit\u00e9 et la compr\u00e9hension contextuelle. L'enrichissement s\u00e9mantique implique de lier les donn\u00e9es \u00e0 des vocabulaires contr\u00f4l\u00e9s, \u00e0 des ontologies ou \u00e0 des taxonomies, tandis que les normes de m\u00e9tadonn\u00e9es fournissent des formats coh\u00e9rents pour d\u00e9crire le contenu \u00e0 travers les syst\u00e8mes. Les principaux objectifs sont de permettre une r\u00e9cup\u00e9ration d'informations plus efficace, de faciliter l'int\u00e9gration entre les plates-formes et de prendre en charge des applications avanc\u00e9es telles que les donn\u00e9es li\u00e9es et la recherche intelligente. Une mise en \u0153uvre efficace n\u00e9cessite une collaboration entre les domaines, le respect des normes \u00e9tablies et une gouvernance continue pour garantir la qualit\u00e9 et la pertinence des donn\u00e9es dans divers environnements num\u00e9riques.<\/p><\/div><\/div><div class=\"wp-block-uagb-faq-child uagb-faq-child__outer-wrap uagb-faq-item uagb-block-af74340b\" role=\"tab\" tabindex=\"0\"><div class=\"uagb-faq-questions-button uagb-faq-questions\">\t\t\t<span class=\"uagb-icon uagb-faq-icon-wrap\">\n\t\t\t\t\t\t\t\t<svg xmlns=\"https:\/\/www.w3.org\/2000\/svg\" viewbox= \"0 0 448 512\"><path d=\"M432 256c0 17.69-14.33 32.01-32 32.01H256v144c0 17.69-14.33 31.99-32 31.99s-32-14.3-32-31.99v-144H48c-17.67 0-32-14.32-32-32.01s14.33-31.99 32-31.99H192v-144c0-17.69 14.33-32.01 32-32.01s32 14.32 32 32.01v144h144C417.7 224 432 238.3 432 256z\"><\/path><\/svg>\n\t\t\t\t\t\t\t<\/span>\n\t\t\t\t\t\t<span class=\"uagb-icon-active uagb-faq-icon-wrap\">\n\t\t\t\t\t\t\t\t<svg xmlns=\"https:\/\/www.w3.org\/2000\/svg\" viewbox= \"0 0 448 512\"><path d=\"M400 288h-352c-17.69 0-32-14.32-32-32.01s14.31-31.99 32-31.99h352c17.69 0 32 14.3 32 31.99S417.7 288 400 288z\"><\/path><\/svg>\n\t\t\t\t\t\t\t<\/span>\n\t\t\t<span class=\"uagb-question\"><strong>Donn\u00e9es statistiques ouvertes et visualisation \/ LOD multidimensionnelle<\/strong><\/span><\/div><div class=\"uagb-faq-content\"><p>Les donn\u00e9es statistiques ouvertes et la visualisation, y compris les donn\u00e9es ouvertes li\u00e9es multidimensionnelles (LOD), font r\u00e9f\u00e9rence \u00e0 la publication et \u00e0 la repr\u00e9sentation d'informations statistiques structur\u00e9es dans des formats accessibles, r\u00e9utilisables et lisibles par machine. En appliquant des technologies web s\u00e9mantiques et en reliant des ensembles de donn\u00e9es entre domaines, le LOD multidimensionnel permet une exploration, une int\u00e9gration et une analyse plus dynamiques de donn\u00e9es complexes. Les outils de visualisation am\u00e9liorent encore la compr\u00e9hension en transformant les chiffres bruts en graphiques interactifs, cartes et tableaux de bord. Les principaux objectifs sont de promouvoir la transparence, de soutenir l\u2019\u00e9laboration de politiques fond\u00e9es sur des donn\u00e9es probantes et de donner aux utilisateurs, des chercheurs aux citoyens, les moyens de tirer des enseignements utiles. La r\u00e9ussite de la mise en \u0153uvre repose sur des normes ouvertes, l'interop\u00e9rabilit\u00e9 et une conception centr\u00e9e sur l'utilisateur pour garantir que les donn\u00e9es sont \u00e0 la fois techniquement robustes et pratiquement utilisables.<\/p><\/div><\/div><div class=\"wp-block-uagb-faq-child uagb-faq-child__outer-wrap uagb-faq-item uagb-block-6a01b70e\" role=\"tab\" tabindex=\"0\"><div class=\"uagb-faq-questions-button uagb-faq-questions\">\t\t\t<span class=\"uagb-icon uagb-faq-icon-wrap\">\n\t\t\t\t\t\t\t\t<svg xmlns=\"https:\/\/www.w3.org\/2000\/svg\" viewbox= \"0 0 448 512\"><path d=\"M432 256c0 17.69-14.33 32.01-32 32.01H256v144c0 17.69-14.33 31.99-32 31.99s-32-14.3-32-31.99v-144H48c-17.67 0-32-14.32-32-32.01s14.33-31.99 32-31.99H192v-144c0-17.69 14.33-32.01 32-32.01s32 14.32 32 32.01v144h144C417.7 224 432 238.3 432 256z\"><\/path><\/svg>\n\t\t\t\t\t\t\t<\/span>\n\t\t\t\t\t\t<span class=\"uagb-icon-active uagb-faq-icon-wrap\">\n\t\t\t\t\t\t\t\t<svg xmlns=\"https:\/\/www.w3.org\/2000\/svg\" viewbox= \"0 0 448 512\"><path d=\"M400 288h-352c-17.69 0-32-14.32-32-32.01s14.31-31.99 32-31.99h352c17.69 0 32 14.3 32 31.99S417.7 288 400 288z\"><\/path><\/svg>\n\t\t\t\t\t\t\t<\/span>\n\t\t\t<span class=\"uagb-question\"><strong>\u00c9cosyst\u00e8mes de donn\u00e9es ouvertes et mod\u00e8les de gouvernance<\/strong><\/span><\/div><div class=\"uagb-faq-content\"><p>Les \u00e9cosyst\u00e8mes de donn\u00e9es ouvertes et les mod\u00e8les de gouvernance font r\u00e9f\u00e9rence aux cadres et aux environnements collaboratifs qui permettent le partage, la gestion et la r\u00e9utilisation des donn\u00e9es publiques entre les secteurs. Ces \u00e9cosyst\u00e8mes reposent sur des principes de transparence, d'interop\u00e9rabilit\u00e9 et d'accessibilit\u00e9, encourageant la participation des organismes gouvernementaux, des entit\u00e9s priv\u00e9es, des universit\u00e9s et de la soci\u00e9t\u00e9 civile. Les mod\u00e8les de gouvernance d\u00e9finissent les r\u00f4les, les responsabilit\u00e9s et les politiques qui garantissent la qualit\u00e9 des donn\u00e9es, l'utilisation \u00e9thique et la durabilit\u00e9 \u00e0 long terme. Les principaux objectifs sont de lib\u00e9rer la valeur des donn\u00e9es pour l'innovation, la responsabilisation et l'int\u00e9r\u00eat public. Une mise en \u0153uvre efficace n\u00e9cessite des cadres juridiques clairs, une coordination institutionnelle et un engagement continu des parties prenantes pour maintenir la confiance et maximiser l'impact des initiatives de donn\u00e9es ouvertes.<\/p><\/div><\/div><div class=\"wp-block-uagb-faq-child uagb-faq-child__outer-wrap uagb-faq-item uagb-block-ab520f34\" role=\"tab\" tabindex=\"0\"><div class=\"uagb-faq-questions-button uagb-faq-questions\">\t\t\t<span class=\"uagb-icon uagb-faq-icon-wrap\">\n\t\t\t\t\t\t\t\t<svg xmlns=\"https:\/\/www.w3.org\/2000\/svg\" viewbox= \"0 0 448 512\"><path d=\"M432 256c0 17.69-14.33 32.01-32 32.01H256v144c0 17.69-14.33 31.99-32 31.99s-32-14.3-32-31.99v-144H48c-17.67 0-32-14.32-32-32.01s14.33-31.99 32-31.99H192v-144c0-17.69 14.33-32.01 32-32.01s32 14.32 32 32.01v144h144C417.7 224 432 238.3 432 256z\"><\/path><\/svg>\n\t\t\t\t\t\t\t<\/span>\n\t\t\t\t\t\t<span class=\"uagb-icon-active uagb-faq-icon-wrap\">\n\t\t\t\t\t\t\t\t<svg xmlns=\"https:\/\/www.w3.org\/2000\/svg\" viewbox= \"0 0 448 512\"><path d=\"M400 288h-352c-17.69 0-32-14.32-32-32.01s14.31-31.99 32-31.99h352c17.69 0 32 14.3 32 31.99S417.7 288 400 288z\"><\/path><\/svg>\n\t\t\t\t\t\t\t<\/span>\n\t\t\t<span class=\"uagb-question\"><strong>Utilisations civiques des donn\u00e9es publiques ouvertes<\/strong><\/span><\/div><div class=\"uagb-faq-content\"><p>Les utilisations civiques des donn\u00e9es publiques ouvertes impliquent de tirer parti des ensembles de donn\u00e9es accessibles au public pour autonomiser les citoyens, favoriser la transparence et soutenir les initiatives communautaires. En rendant l'information gouvernementale accessible et r\u00e9utilisable, les individus, les organismes sans but lucratif et les organisations locales peuvent analyser les donn\u00e9es pour aborder les probl\u00e8mes sociaux, promouvoir la responsabilisation et encourager une participation publique \u00e9clair\u00e9e. Les principaux objectifs sont de renforcer l\u2019engagement civique, de permettre une prise de d\u00e9cision fond\u00e9e sur les donn\u00e9es au niveau local et de stimuler l\u2019innovation dans les services publics. La r\u00e9ussite de l'adoption d\u00e9pend de la qualit\u00e9 des donn\u00e9es, de leur facilit\u00e9 d'utilisation et de la collaboration continue entre les organismes gouvernementaux et le secteur civique afin de maximiser l'impact social.<\/p><\/div><\/div><\/div>\n\n\n<div class=\"wp-block-uagb-advanced-heading uagb-block-ebc3d85d\"><h3 class=\"uagb-heading-text\"><strong>Projets s\u00e9lectionn\u00e9s:<\/strong><\/h3><\/div>\n\n\n<div class=\"wp-block-uagb-faq uagb-faq__outer-wrap uagb-block-3d7a20e6 uagb-faq-icon-row-reverse uagb-faq-layout-accordion uagb-faq-expand-first-false uagb-faq-inactive-other-true uagb-faq__wrap uagb-buttons-layout-wrap uagb-faq-equal-height\" data-faqtoggle=\"true\" role=\"tablist\"><div class=\"wp-block-uagb-faq-child uagb-faq-child__outer-wrap uagb-faq-item uagb-block-57e3f66b\" role=\"tab\" tabindex=\"0\"><div class=\"uagb-faq-questions-button uagb-faq-questions\">\t\t\t<span class=\"uagb-icon uagb-faq-icon-wrap\">\n\t\t\t\t\t\t\t\t<svg xmlns=\"https:\/\/www.w3.org\/2000\/svg\" viewbox= \"0 0 448 512\"><path d=\"M432 256c0 17.69-14.33 32.01-32 32.01H256v144c0 17.69-14.33 31.99-32 31.99s-32-14.3-32-31.99v-144H48c-17.67 0-32-14.32-32-32.01s14.33-31.99 32-31.99H192v-144c0-17.69 14.33-32.01 32-32.01s32 14.32 32 32.01v144h144C417.7 224 432 238.3 432 256z\"><\/path><\/svg>\n\t\t\t\t\t\t\t<\/span>\n\t\t\t\t\t\t<span class=\"uagb-icon-active uagb-faq-icon-wrap\">\n\t\t\t\t\t\t\t\t<svg xmlns=\"https:\/\/www.w3.org\/2000\/svg\" viewbox= \"0 0 448 512\"><path d=\"M400 288h-352c-17.69 0-32-14.32-32-32.01s14.31-31.99 32-31.99h352c17.69 0 32 14.3 32 31.99S417.7 288 400 288z\"><\/path><\/svg>\n\t\t\t\t\t\t\t<\/span>\n\t\t\t<span class=\"uagb-question\"><strong>OpenGovIntelligence (2016-2019)<\/strong><\/span><\/div><div class=\"uagb-faq-content\"><p>Ax\u00e9 sur la modernisation de l'administration publique gr\u00e2ce \u00e0 l'utilisation de donn\u00e9es statistiques ouvertes li\u00e9es.<\/p><\/div><\/div><div class=\"wp-block-uagb-faq-child uagb-faq-child__outer-wrap uagb-faq-item uagb-block-0cec8a89\" role=\"tab\" tabindex=\"0\"><div class=\"uagb-faq-questions-button uagb-faq-questions\">\t\t\t<span class=\"uagb-icon uagb-faq-icon-wrap\">\n\t\t\t\t\t\t\t\t<svg xmlns=\"https:\/\/www.w3.org\/2000\/svg\" viewbox= \"0 0 448 512\"><path d=\"M432 256c0 17.69-14.33 32.01-32 32.01H256v144c0 17.69-14.33 31.99-32 31.99s-32-14.3-32-31.99v-144H48c-17.67 0-32-14.32-32-32.01s14.33-31.99 32-31.99H192v-144c0-17.69 14.33-32.01 32-32.01s32 14.32 32 32.01v144h144C417.7 224 432 238.3 432 256z\"><\/path><\/svg>\n\t\t\t\t\t\t\t<\/span>\n\t\t\t\t\t\t<span class=\"uagb-icon-active uagb-faq-icon-wrap\">\n\t\t\t\t\t\t\t\t<svg xmlns=\"https:\/\/www.w3.org\/2000\/svg\" viewbox= \"0 0 448 512\"><path d=\"M400 288h-352c-17.69 0-32-14.32-32-32.01s14.31-31.99 32-31.99h352c17.69 0 32 14.3 32 31.99S417.7 288 400 288z\"><\/path><\/svg>\n\t\t\t\t\t\t\t<\/span>\n\t\t\t<span class=\"uagb-question\"><strong>ODEdu (2016-2018)<\/strong><\/span><\/div><div class=\"uagb-faq-content\"><p>\u00c9ducation et formation innovantes en mati\u00e8re de donn\u00e9es ouvertes bas\u00e9es sur PBL et Learning Analytics<\/p><\/div><\/div><div class=\"wp-block-uagb-faq-child uagb-faq-child__outer-wrap uagb-faq-item uagb-block-c082a75b\" role=\"tab\" tabindex=\"0\"><div class=\"uagb-faq-questions-button uagb-faq-questions\">\t\t\t<span class=\"uagb-icon uagb-faq-icon-wrap\">\n\t\t\t\t\t\t\t\t<svg xmlns=\"https:\/\/www.w3.org\/2000\/svg\" viewbox= \"0 0 448 512\"><path d=\"M432 256c0 17.69-14.33 32.01-32 32.01H256v144c0 17.69-14.33 31.99-32 31.99s-32-14.3-32-31.99v-144H48c-17.67 0-32-14.32-32-32.01s14.33-31.99 32-31.99H192v-144c0-17.69 14.33-32.01 32-32.01s32 14.32 32 32.01v144h144C417.7 224 432 238.3 432 256z\"><\/path><\/svg>\n\t\t\t\t\t\t\t<\/span>\n\t\t\t\t\t\t<span class=\"uagb-icon-active uagb-faq-icon-wrap\">\n\t\t\t\t\t\t\t\t<svg xmlns=\"https:\/\/www.w3.org\/2000\/svg\" viewbox= \"0 0 448 512\"><path d=\"M400 288h-352c-17.69 0-32-14.32-32-32.01s14.31-31.99 32-31.99h352c17.69 0 32 14.3 32 31.99S417.7 288 400 288z\"><\/path><\/svg>\n\t\t\t\t\t\t\t<\/span>\n\t\t\t<span class=\"uagb-question\"><strong>OpenCube (2013-2015)<\/strong><\/span><\/div><div class=\"uagb-faq-content\"><p>Des outils con\u00e7us et test\u00e9s pour la publication et l'analyse de donn\u00e9es statistiques ouvertes.<\/p><\/div><\/div><div class=\"wp-block-uagb-faq-child uagb-faq-child__outer-wrap uagb-faq-item uagb-block-e91325fb\" role=\"tab\" tabindex=\"0\"><div class=\"uagb-faq-questions-button uagb-faq-questions\">\t\t\t<span class=\"uagb-icon uagb-faq-icon-wrap\">\n\t\t\t\t\t\t\t\t<svg xmlns=\"https:\/\/www.w3.org\/2000\/svg\" viewbox= \"0 0 448 512\"><path d=\"M432 256c0 17.69-14.33 32.01-32 32.01H256v144c0 17.69-14.33 31.99-32 31.99s-32-14.3-32-31.99v-144H48c-17.67 0-32-14.32-32-32.01s14.33-31.99 32-31.99H192v-144c0-17.69 14.33-32.01 32-32.01s32 14.32 32 32.01v144h144C417.7 224 432 238.3 432 256z\"><\/path><\/svg>\n\t\t\t\t\t\t\t<\/span>\n\t\t\t\t\t\t<span class=\"uagb-icon-active uagb-faq-icon-wrap\">\n\t\t\t\t\t\t\t\t<svg xmlns=\"https:\/\/www.w3.org\/2000\/svg\" viewbox= \"0 0 448 512\"><path d=\"M400 288h-352c-17.69 0-32-14.32-32-32.01s14.31-31.99 32-31.99h352c17.69 0 32 14.3 32 31.99S417.7 288 400 288z\"><\/path><\/svg>\n\t\t\t\t\t\t\t<\/span>\n\t\t\t<span class=\"uagb-question\"><strong>#ASK (2015-2018)<\/strong><\/span><\/div><div class=\"uagb-faq-content\"><p>Utilisation de donn\u00e9es ouvertes et d'analyses des m\u00e9dias sociaux pour soutenir l'engagement et la communication des jeunes.<\/p><\/div><\/div><\/div>\n\n\n<p><strong>Au-del\u00e0 de ces projets<\/strong>, notre \u00e9quipe poursuit activement des recherches sur&nbsp;<strong>pipelines automatis\u00e9s de publication de donn\u00e9es<\/strong>,&nbsp;<strong>techniques d'enrichissement s\u00e9mantique<\/strong>, et le r\u00f4le de&nbsp;<strong>donn\u00e9es li\u00e9es dans la gouvernance intelligente<\/strong>. Nous sommes particuli\u00e8rement int\u00e9ress\u00e9s par l'int\u00e9gration de&nbsp;<strong>flux de donn\u00e9es ouvertes en temps r\u00e9el<\/strong>, le d\u00e9veloppement de&nbsp;<strong>cadres d\u2019\u00e9valuation de la qualit\u00e9 des donn\u00e9es<\/strong>, et&nbsp;<strong>m\u00e9thodes d'\u00e9valuation de l'impact<\/strong>&nbsp;pour les initiatives en mati\u00e8re de donn\u00e9es ouvertes. D'autres sujets incluent&nbsp;<strong>algorithmes ouverts<\/strong>,&nbsp;<strong>coop\u00e9ratives de donn\u00e9es<\/strong>, et&nbsp;<strong>mod\u00e8les de gestion des donn\u00e9es<\/strong>&nbsp;qui donnent aux citoyens les moyens d\u2019agir tout en respectant la vie priv\u00e9e et la souverainet\u00e9 des donn\u00e9es. Nous nous engageons \u00e0 faire progresser les dimensions techniques et institutionnelles de l'\u00e9cosyst\u00e8me des donn\u00e9es ouvertes.<\/p>\n\n\n\n<div class=\"wp-block-uagb-container uag-hide-desktop uag-hide-tab uag-hide-mob uagb-layout-flex uagb-block-7f0706ca default uagb-is-root-container\">\n<div class=\"wp-block-uagb-container card uagb-block-d51a6057 alignfull uagb-is-root-container\"><div class=\"uagb-container-inner-blocks-wrap\">\n<h4 class=\"wp-block-heading\">Technologies de donn\u00e9es ouvertes li\u00e9es (donn\u00e9es ouvertes li\u00e9es)<\/h4>\n\n\n\n<p>Les donn\u00e9es ouvertes li\u00e9es (LOD) combinent les principes des donn\u00e9es li\u00e9es avec les donn\u00e9es ouvertes, ce qui signifie que les donn\u00e9es sont non seulement structur\u00e9es et interconnect\u00e9es, mais \u00e9galement disponibles gratuitement pour quiconque les utilise, les r\u00e9utilise et les distribue. Les technologies cl\u00e9s sous-tendant la LOD comprennent les identificateurs de ressources uniformes (URI) pour identifier de mani\u00e8re unique les entit\u00e9s, HTTP pour r\u00e9cup\u00e9rer ces ressources et le cadre de description des ressources (RDF) en tant que mod\u00e8le de donn\u00e9es bas\u00e9 sur des graphiques pour structurer et relier les donn\u00e9es. SPARQL est le langage de requ\u00eate utilis\u00e9 pour r\u00e9cup\u00e9rer et manipuler les donn\u00e9es stock\u00e9es au format RDF. L'objectif est de cr\u00e9er un r\u00e9seau de donn\u00e9es o\u00f9 les informations provenant de diverses sources peuvent \u00eatre facilement connect\u00e9es, partag\u00e9es et trait\u00e9es par des machines, ce qui permet d'obtenir des informations plus riches et de nouvelles applications.<\/p>\n<\/div><\/div>\n\n\n\n<div class=\"wp-block-uagb-container card uagb-block-21196ea3 alignfull uagb-is-root-container\"><div class=\"uagb-container-inner-blocks-wrap\">\n<h4 class=\"wp-block-heading\"><strong>Processus d'affaires CSD<\/strong><\/h4>\n\n\n\n<p>Dans le contexte des march\u00e9s financiers, CSD signifie Central Securities Depository. Un DCT est une infrastructure des march\u00e9s financiers qui joue un r\u00f4le crucial dans l'environnement post-n\u00e9gociation. Ses principaux processus d'affaires impliquent l'exploitation d'un syst\u00e8me de r\u00e8glement de titres, qui facilite le transfert de propri\u00e9t\u00e9 des titres (comme les actions et les obligations) entre les parties, souvent sur une base de livraison contre paiement (DvP). Les DCT g\u00e8rent \u00e9galement l'enregistrement initial des titres nouvellement \u00e9mis dans un syst\u00e8me de prise en compte (service notarial) et fournissent et tiennent des comptes de titres au niveau sup\u00e9rieur (service central de maintenance). Essentiellement, ils servent de point central pour la d\u00e9tention de titres, assurent l'int\u00e9grit\u00e9 des \u00e9missions de titres et permettent le r\u00e8glement efficace des transactions.<\/p>\n<\/div><\/div>\n\n\n\n<div class=\"wp-block-uagb-container card uagb-block-db78c46b alignfull uagb-is-root-container\"><div class=\"uagb-container-inner-blocks-wrap\">\n<h4 class=\"wp-block-heading\"><strong><strong><strong>Donn\u00e9es ouvertes li\u00e9es multidimensionnelles<\/strong><\/strong><\/strong><\/h4>\n\n\n\n<p>Les donn\u00e9es ouvertes li\u00e9es multidimensionnelles d\u00e9signent la publication d'ensembles de donn\u00e9es statistiques ou complexes en tant que donn\u00e9es ouvertes li\u00e9es, souvent \u00e0 l'aide d'un mod\u00e8le de cube de donn\u00e9es. Cette approche s'appuie sur le vocabulaire du cube de donn\u00e9es RDF (QB), une recommandation du W3C, pour repr\u00e9senter des donn\u00e9es \u00e0 dimensions multiples (par exemple, temps, g\u00e9ographie, type de produit) et des mesures (par exemple, ventes, population). En structurant les donn\u00e9es de cette mani\u00e8re et en les reliant \u00e0 d'autres ensembles de donn\u00e9es pertinents sur le Web, il devient plus facile d'effectuer des analyses complexes, telles que les op\u00e9rations de traitement analytique en ligne (OLAP) telles que le tranchage, le d\u00e9coupage en d\u00e9s et le forage. Cela am\u00e9liore le potentiel d'int\u00e9gration des donn\u00e9es, permet des requ\u00eates plus riches \u00e0 travers des sources disparates et prend en charge la d\u00e9couverte de nouvelles informations \u00e0 partir d'informations ouvertement disponibles.<\/p>\n<\/div><\/div>\n<\/div>\n<\/div><\/div>","protected":false},"excerpt":{"rendered":"<p>L'\u00e9quipe de recherche encourage l'utilisation des donn\u00e9es ouvertes pour soutenir la transparence, l'innovation et les politiques fond\u00e9es sur des donn\u00e9es probantes. Notre travail dans ce domaine explore les dimensions techniques, institutionnelles et soci\u00e9tales de l'ouverture et de la r\u00e9utilisation des donn\u00e9es. Nous nous concentrons sur la fa\u00e7on dont les donn\u00e9es du secteur public peuvent \u00eatre publi\u00e9es, enrichies et li\u00e9es afin de maximiser leur valeur pour les citoyens, les entreprises, les chercheurs et la soci\u00e9t\u00e9 civile. [...]<\/p>","protected":false},"author":1,"featured_media":0,"parent":0,"menu_order":0,"comment_status":"closed","ping_status":"closed","template":"","meta":{"_uag_custom_page_level_css":"","footnotes":""},"class_list":["post-618","page","type-page","status-publish","hentry"],"uagb_featured_image_src":{"full":false,"thumbnail":false,"medium":false,"medium_large":false,"large":false,"1536x1536":false,"2048x2048":false,"etm-custom-language-flag":false},"uagb_author_info":{"display_name":"admin","author_link":"https:\/\/isegov.dai.uom.gr\/fr\/author\/admin\/"},"uagb_comment_info":0,"uagb_excerpt":"The research team promotes the use of&nbsp;open data&nbsp;to support transparency, innovation, and evidence-based policy. Our work in this area explores the technical, institutional, and societal dimensions of data openness and reuse. We focus on how public sector data can be published, enriched, and linked to maximize its value for citizens, businesses, researchers, and civil society.\u2026","_links":{"self":[{"href":"https:\/\/isegov.dai.uom.gr\/fr\/wp-json\/wp\/v2\/pages\/618","targetHints":{"allow":["GET"]}}],"collection":[{"href":"https:\/\/isegov.dai.uom.gr\/fr\/wp-json\/wp\/v2\/pages"}],"about":[{"href":"https:\/\/isegov.dai.uom.gr\/fr\/wp-json\/wp\/v2\/types\/page"}],"author":[{"embeddable":true,"href":"https:\/\/isegov.dai.uom.gr\/fr\/wp-json\/wp\/v2\/users\/1"}],"replies":[{"embeddable":true,"href":"https:\/\/isegov.dai.uom.gr\/fr\/wp-json\/wp\/v2\/comments?post=618"}],"version-history":[{"count":4,"href":"https:\/\/isegov.dai.uom.gr\/fr\/wp-json\/wp\/v2\/pages\/618\/revisions"}],"predecessor-version":[{"id":984,"href":"https:\/\/isegov.dai.uom.gr\/fr\/wp-json\/wp\/v2\/pages\/618\/revisions\/984"}],"wp:attachment":[{"href":"https:\/\/isegov.dai.uom.gr\/fr\/wp-json\/wp\/v2\/media?parent=618"}],"curies":[{"name":"wp","href":"https:\/\/api.w.org\/{rel}","templated":true}]}}