{"id":875,"date":"2025-06-11T13:52:50","date_gmt":"2025-06-11T10:52:50","guid":{"rendered":"https:\/\/dev-egovresearch.pantheonsite.io\/?page_id=875"},"modified":"2025-06-12T09:52:29","modified_gmt":"2025-06-12T06:52:29","slug":"artificial-intelligence","status":"publish","type":"page","link":"https:\/\/isegov.dai.uom.gr\/fr\/artificial-intelligence\/","title":{"rendered":"Intelligence artificielle"},"content":{"rendered":"<div class=\"wp-block-uagb-container uagb-block-98359c08 alignfull uagb-is-root-container\"><div class=\"uagb-container-inner-blocks-wrap\">\n<p>Notre \u00e9quipe de recherche explore l'int\u00e9gration de&nbsp;<strong>Intelligence artificielle<\/strong>&nbsp;dans les services publics, les syst\u00e8mes d'apprentissage et les processus d\u00e9mocratiques. Nous nous int\u00e9ressons particuli\u00e8rement \u00e0 la fa\u00e7on dont l'IA peut soutenir la personnalisation, l'automatisation et la prise de d\u00e9cision, tout en maintenant la responsabilit\u00e9 et la transparence.<\/p>\n\n\n\n<div class=\"wp-block-uagb-advanced-heading uagb-block-c9b5a84d\"><h3 class=\"uagb-heading-text\"><strong>Domaines d'int\u00e9r\u00eat:<\/strong><\/h3><\/div>\n\n\n\n<ul class=\"wp-block-list\">\n<li>Chatbots et agents conversationnels dans les e-services<\/li>\n\n\n\n<li>Traitement du langage naturel pour l'analyse des politiques et des d\u00e9lib\u00e9rations<\/li>\n\n\n\n<li>Apprentissage automatique pour les services publics pr\u00e9dictifs<\/li>\n\n\n\n<li>IA responsable et explicable (XAI) dans le secteur public<\/li>\n\n\n\n<li>Analyse et personnalisation de l'apprentissage soutenues par l'IA<\/li>\n<\/ul>\n\n\n\n<p>Nous surveillons les tendances \u00e9mergentes telles que&nbsp;<strong>IA g\u00e9n\u00e9rative dans l'\u00e9ducation et le gouvernement<\/strong>,&nbsp;<strong>prise de d\u00e9cision hybride homme-IA<\/strong>, et&nbsp;<strong>L'IA au service du bien social<\/strong>. Notre \u00e9quipe contribue aux discussions en cours sur l'\u00e9thique de l'IA, l'att\u00e9nuation des biais et la gouvernance, reconnaissant l'importance de construire des syst\u00e8mes d'IA qui sont&nbsp;<strong>inclusif, digne de confiance et centr\u00e9 sur l\u2019humain<\/strong>.<\/p>\n<\/div><\/div>","protected":false},"excerpt":{"rendered":"<p>Notre \u00e9quipe de recherche explore l'int\u00e9gration de l'intelligence artificielle dans les services publics, les syst\u00e8mes d'apprentissage et les processus d\u00e9mocratiques. Nous nous int\u00e9ressons particuli\u00e8rement \u00e0 la fa\u00e7on dont l'IA peut soutenir la personnalisation, l'automatisation et la prise de d\u00e9cision, tout en maintenant la responsabilit\u00e9 et la transparence. Domaines d'int\u00e9r\u00eat: Nous surveillons les tendances \u00e9mergentes telles que l'IA g\u00e9n\u00e9rative dans l'\u00e9ducation et le gouvernement, la prise de d\u00e9cision hybride homme-IA et l'IA pour le bien social. Notre \u00e9quipe [...]<\/p>","protected":false},"author":1,"featured_media":0,"parent":0,"menu_order":0,"comment_status":"closed","ping_status":"closed","template":"","meta":{"_uag_custom_page_level_css":"","footnotes":""},"class_list":["post-875","page","type-page","status-publish","hentry"],"uagb_featured_image_src":{"full":false,"thumbnail":false,"medium":false,"medium_large":false,"large":false,"1536x1536":false,"2048x2048":false,"etm-custom-language-flag":false},"uagb_author_info":{"display_name":"admin","author_link":"https:\/\/isegov.dai.uom.gr\/fr\/author\/admin\/"},"uagb_comment_info":0,"uagb_excerpt":"Our research team explores the integration of&nbsp;Artificial Intelligence&nbsp;into public services, learning systems, and democratic processes. We are particularly interested in how AI can support personalization, automation, and decision-making, while maintaining accountability and transparency. Areas of Interest: We monitor emerging trends such as&nbsp;generative AI in education and government,&nbsp;hybrid human-AI decision-making, and&nbsp;AI for social good. Our team\u2026","_links":{"self":[{"href":"https:\/\/isegov.dai.uom.gr\/fr\/wp-json\/wp\/v2\/pages\/875","targetHints":{"allow":["GET"]}}],"collection":[{"href":"https:\/\/isegov.dai.uom.gr\/fr\/wp-json\/wp\/v2\/pages"}],"about":[{"href":"https:\/\/isegov.dai.uom.gr\/fr\/wp-json\/wp\/v2\/types\/page"}],"author":[{"embeddable":true,"href":"https:\/\/isegov.dai.uom.gr\/fr\/wp-json\/wp\/v2\/users\/1"}],"replies":[{"embeddable":true,"href":"https:\/\/isegov.dai.uom.gr\/fr\/wp-json\/wp\/v2\/comments?post=875"}],"version-history":[{"count":2,"href":"https:\/\/isegov.dai.uom.gr\/fr\/wp-json\/wp\/v2\/pages\/875\/revisions"}],"predecessor-version":[{"id":903,"href":"https:\/\/isegov.dai.uom.gr\/fr\/wp-json\/wp\/v2\/pages\/875\/revisions\/903"}],"wp:attachment":[{"href":"https:\/\/isegov.dai.uom.gr\/fr\/wp-json\/wp\/v2\/media?parent=875"}],"curies":[{"name":"wp","href":"https:\/\/api.w.org\/{rel}","templated":true}]}}