{"id":878,"date":"2025-06-11T13:53:39","date_gmt":"2025-06-11T10:53:39","guid":{"rendered":"https:\/\/dev-egovresearch.pantheonsite.io\/?page_id=878"},"modified":"2025-06-12T09:52:50","modified_gmt":"2025-06-12T06:52:50","slug":"semantic-web-technologies","status":"publish","type":"page","link":"https:\/\/isegov.dai.uom.gr\/fr\/semantic-web-technologies\/","title":{"rendered":"Technologies web s\u00e9mantiques"},"content":{"rendered":"<div class=\"wp-block-uagb-container uagb-block-01a9f5fb alignfull uagb-is-root-container\"><div class=\"uagb-container-inner-blocks-wrap\">\n<p>Les technologies du Web s\u00e9mantique sont au c\u0153ur de nos recherches&nbsp;<strong>donn\u00e9es ouvertes<\/strong>,&nbsp;<strong>Administration en ligne<\/strong>, et&nbsp;<strong>syst\u00e8mes \u00e9ducatifs<\/strong>. Nous utilisons des ontologies, des donn\u00e9es li\u00e9es et des normes de m\u00e9tadonn\u00e9es pour am\u00e9liorer l'interop\u00e9rabilit\u00e9, la d\u00e9couverte et la r\u00e9utilisation des donn\u00e9es.<\/p>\n\n\n\n<div class=\"wp-block-uagb-advanced-heading uagb-block-446c8c6d\"><h3 class=\"uagb-heading-text\"><strong>Domaines d'int\u00e9r\u00eat:<\/strong><\/h3><\/div>\n\n\n\n<ul class=\"wp-block-list\">\n<li>Ing\u00e9nierie de l'ontologie et mod\u00e9lisation s\u00e9mantique<\/li>\n\n\n\n<li>Plateformes et vocabulaires de donn\u00e9es ouvertes li\u00e9es (LOD)<\/li>\n\n\n\n<li>Enrichissement s\u00e9mantique des donn\u00e9es statistiques et gouvernementales<\/li>\n\n\n\n<li>Annotation s\u00e9mantique dans les environnements eLearning<\/li>\n\n\n\n<li>Principes FAIR pour l'interop\u00e9rabilit\u00e9 des donn\u00e9es<\/li>\n<\/ul>\n\n\n\n<p>Nous sommes particuli\u00e8rement int\u00e9ress\u00e9s par l'application de technologies s\u00e9mantiques \u00e0&nbsp;<strong>mod\u00e9lisation des politiques<\/strong>,&nbsp;<strong>r\u00e9forme de l'administration publique<\/strong>, et&nbsp;<strong>Personnalisation du contenu \u00e9ducatif<\/strong>. Notre \u00e9quipe explore \u00e9galement comment&nbsp;<strong>raisonnement s\u00e9mantique<\/strong>&nbsp;et&nbsp;<strong>graphiques de connaissances<\/strong>&nbsp;peut permettre des syst\u00e8mes num\u00e9riques plus intelligents et plus contextuels.<\/p>\n<\/div><\/div>","protected":false},"excerpt":{"rendered":"<p>Les technologies du Web s\u00e9mantique sont au c\u0153ur de nos recherches sur les donn\u00e9es ouvertes, l'administration en ligne et les syst\u00e8mes \u00e9ducatifs. Nous utilisons des ontologies, des donn\u00e9es li\u00e9es et des normes de m\u00e9tadonn\u00e9es pour am\u00e9liorer l'interop\u00e9rabilit\u00e9, la d\u00e9couverte et la r\u00e9utilisation des donn\u00e9es. Domaines d'int\u00e9r\u00eat: Nous nous int\u00e9ressons particuli\u00e8rement \u00e0 l'application des technologies s\u00e9mantiques \u00e0 la mod\u00e9lisation des politiques, \u00e0 la r\u00e9forme de l'administration publique et \u00e0 la personnalisation du contenu \u00e9ducatif. Notre \u00e9quipe explore \u00e9galement comment le raisonnement s\u00e9mantique et les graphiques de connaissances peuvent permettre des [...]<\/p>","protected":false},"author":1,"featured_media":0,"parent":0,"menu_order":0,"comment_status":"closed","ping_status":"closed","template":"","meta":{"_uag_custom_page_level_css":"","footnotes":""},"class_list":["post-878","page","type-page","status-publish","hentry"],"uagb_featured_image_src":{"full":false,"thumbnail":false,"medium":false,"medium_large":false,"large":false,"1536x1536":false,"2048x2048":false,"etm-custom-language-flag":false},"uagb_author_info":{"display_name":"admin","author_link":"https:\/\/isegov.dai.uom.gr\/fr\/author\/admin\/"},"uagb_comment_info":0,"uagb_excerpt":"Semantic Web technologies are central to our research in&nbsp;open data,&nbsp;eGovernment, and&nbsp;education systems. We use ontologies, linked data, and metadata standards to enhance data interoperability, discovery, and reuse. Areas of Interest: We are particularly interested in applying semantic technologies to&nbsp;policy modeling,&nbsp;public administration reform, and&nbsp;educational content personalization. Our team also explores how&nbsp;semantic reasoning&nbsp;and&nbsp;knowledge graphs&nbsp;can enable more intelligent\u2026","_links":{"self":[{"href":"https:\/\/isegov.dai.uom.gr\/fr\/wp-json\/wp\/v2\/pages\/878","targetHints":{"allow":["GET"]}}],"collection":[{"href":"https:\/\/isegov.dai.uom.gr\/fr\/wp-json\/wp\/v2\/pages"}],"about":[{"href":"https:\/\/isegov.dai.uom.gr\/fr\/wp-json\/wp\/v2\/types\/page"}],"author":[{"embeddable":true,"href":"https:\/\/isegov.dai.uom.gr\/fr\/wp-json\/wp\/v2\/users\/1"}],"replies":[{"embeddable":true,"href":"https:\/\/isegov.dai.uom.gr\/fr\/wp-json\/wp\/v2\/comments?post=878"}],"version-history":[{"count":2,"href":"https:\/\/isegov.dai.uom.gr\/fr\/wp-json\/wp\/v2\/pages\/878\/revisions"}],"predecessor-version":[{"id":904,"href":"https:\/\/isegov.dai.uom.gr\/fr\/wp-json\/wp\/v2\/pages\/878\/revisions\/904"}],"wp:attachment":[{"href":"https:\/\/isegov.dai.uom.gr\/fr\/wp-json\/wp\/v2\/media?parent=878"}],"curies":[{"name":"wp","href":"https:\/\/api.w.org\/{rel}","templated":true}]}}