{"id":881,"date":"2025-06-11T13:54:25","date_gmt":"2025-06-11T10:54:25","guid":{"rendered":"https:\/\/dev-egovresearch.pantheonsite.io\/?page_id=881"},"modified":"2025-06-12T09:53:05","modified_gmt":"2025-06-12T06:53:05","slug":"social-web-technologies","status":"publish","type":"page","link":"https:\/\/isegov.dai.uom.gr\/fr\/social-web-technologies\/","title":{"rendered":"Technologies du web social"},"content":{"rendered":"<div class=\"wp-block-uagb-container uagb-block-298f4490 alignfull uagb-is-root-container\"><div class=\"uagb-container-inner-blocks-wrap\">\n<p>Nous explorons comment le&nbsp;<strong>Web social<\/strong>\u2014y compris les m\u00e9dias sociaux, les communaut\u00e9s en ligne et les plateformes collaboratives \u2014 peuvent \u00eatre mis \u00e0 profit pour am\u00e9liorer la gouvernance, l\u2019\u00e9ducation et le dialogue public.<\/p>\n\n\n\n<div class=\"wp-block-uagb-advanced-heading uagb-block-c2ca9bf0\"><h3 class=\"uagb-heading-text\"><strong>Domaines d'int\u00e9r\u00eat:<\/strong><\/h3><\/div>\n\n\n\n<ul class=\"wp-block-list\">\n<li>Analyse des m\u00e9dias sociaux pour le retour d\u2019information sur les politiques<\/li>\n\n\n\n<li>Analyse du sentiment et extraction de l'opinion publique<\/li>\n\n\n\n<li>Gamification et engagement communautaire<\/li>\n\n\n\n<li>Int\u00e9gration des donn\u00e9es sociales aux donn\u00e9es gouvernementales ouvertes<\/li>\n\n\n\n<li>Environnements d'apprentissage social et outils collaboratifs<\/li>\n<\/ul>\n\n\n\n<p>Nous nous int\u00e9ressons \u00e9galement aux implications de&nbsp;<strong>curation algorithmique<\/strong>,&nbsp;<strong>identit\u00e9 num\u00e9rique<\/strong>, et&nbsp;<strong>\u00e9cosyst\u00e8mes d'information<\/strong>&nbsp;sur le discours public et la participation. Notre recherche comprend l'exploration du r\u00f4le des influenceurs, de la dynamique de d\u00e9sinformation et du renforcement de la confiance sur les plateformes sociales.<\/p>\n<\/div><\/div>","protected":false},"excerpt":{"rendered":"<p>Nous explorons comment le web social, y compris les m\u00e9dias sociaux, les communaut\u00e9s en ligne et les plateformes collaboratives, peut \u00eatre utilis\u00e9 pour am\u00e9liorer la gouvernance, l\u2019\u00e9ducation et le dialogue public. Domaines d'int\u00e9r\u00eat: Nous nous int\u00e9ressons \u00e9galement aux implications de la curation algorithmique, de l'identit\u00e9 num\u00e9rique et des \u00e9cosyst\u00e8mes d'information sur le discours public et la participation. Notre recherche comprend l'exploration du r\u00f4le des influenceurs, de la dynamique de d\u00e9sinformation et du renforcement de la confiance sur les plateformes sociales.<\/p>","protected":false},"author":1,"featured_media":0,"parent":0,"menu_order":0,"comment_status":"closed","ping_status":"closed","template":"","meta":{"_uag_custom_page_level_css":"","footnotes":""},"class_list":["post-881","page","type-page","status-publish","hentry"],"uagb_featured_image_src":{"full":false,"thumbnail":false,"medium":false,"medium_large":false,"large":false,"1536x1536":false,"2048x2048":false,"etm-custom-language-flag":false},"uagb_author_info":{"display_name":"admin","author_link":"https:\/\/isegov.dai.uom.gr\/fr\/author\/admin\/"},"uagb_comment_info":0,"uagb_excerpt":"We explore how the&nbsp;Social Web\u2014including social media, online communities, and collaborative platforms\u2014can be leveraged to improve governance, education, and public dialogue. Areas of Interest: We are also interested in the implications of&nbsp;algorithmic curation,&nbsp;digital identity, and&nbsp;information ecosystems&nbsp;on public discourse and participation. Our research includes exploring the role of influencers, misinformation dynamics, and trust-building on social platforms.","_links":{"self":[{"href":"https:\/\/isegov.dai.uom.gr\/fr\/wp-json\/wp\/v2\/pages\/881","targetHints":{"allow":["GET"]}}],"collection":[{"href":"https:\/\/isegov.dai.uom.gr\/fr\/wp-json\/wp\/v2\/pages"}],"about":[{"href":"https:\/\/isegov.dai.uom.gr\/fr\/wp-json\/wp\/v2\/types\/page"}],"author":[{"embeddable":true,"href":"https:\/\/isegov.dai.uom.gr\/fr\/wp-json\/wp\/v2\/users\/1"}],"replies":[{"embeddable":true,"href":"https:\/\/isegov.dai.uom.gr\/fr\/wp-json\/wp\/v2\/comments?post=881"}],"version-history":[{"count":2,"href":"https:\/\/isegov.dai.uom.gr\/fr\/wp-json\/wp\/v2\/pages\/881\/revisions"}],"predecessor-version":[{"id":905,"href":"https:\/\/isegov.dai.uom.gr\/fr\/wp-json\/wp\/v2\/pages\/881\/revisions\/905"}],"wp:attachment":[{"href":"https:\/\/isegov.dai.uom.gr\/fr\/wp-json\/wp\/v2\/media?parent=881"}],"curies":[{"name":"wp","href":"https:\/\/api.w.org\/{rel}","templated":true}]}}