{"id":884,"date":"2025-06-11T13:55:21","date_gmt":"2025-06-11T10:55:21","guid":{"rendered":"https:\/\/dev-egovresearch.pantheonsite.io\/?page_id=884"},"modified":"2025-06-12T09:53:19","modified_gmt":"2025-06-12T06:53:19","slug":"web-technologies","status":"publish","type":"page","link":"https:\/\/isegov.dai.uom.gr\/fr\/web-technologies\/","title":{"rendered":"Technologies du Web"},"content":{"rendered":"<div class=\"wp-block-uagb-container uagb-block-c6541263 alignfull uagb-is-root-container\"><div class=\"uagb-container-inner-blocks-wrap\">\n<p>En tant que fondation dans tous nos domaines, notre \u00e9quipe s'engage \u00e0 la pointe de la technologie.&nbsp;<strong>Technologies du Web<\/strong>&nbsp;soutenir des services num\u00e9riques interactifs, accessibles et fiables. Cela inclut \u00e0 la fois les frameworks c\u00f4t\u00e9 client et c\u00f4t\u00e9 serveur, les API Web et les mod\u00e8les architecturaux.<\/p>\n\n\n\n<div class=\"wp-block-uagb-advanced-heading uagb-block-3ca80c7a\"><h3 class=\"uagb-heading-text\"><strong>Domaines d'int\u00e9r\u00eat:<\/strong><\/h3><\/div>\n\n\n\n<ul class=\"wp-block-list\">\n<li>Cadres de d\u00e9veloppement Web modernes (par exemple, React, Angular, Vue)<\/li>\n\n\n\n<li>Accessibilit\u00e9 du Web et conception inclusive<\/li>\n\n\n\n<li>API RESTful et GraphQL pour l'int\u00e9gration de services<\/li>\n\n\n\n<li>Progressive Web Apps (PWA) et mobile-first design<\/li>\n\n\n\n<li>Architectures sans serveur et natives du cloud<\/li>\n<\/ul>\n\n\n\n<p>Nous nous concentrons particuli\u00e8rement sur la fa\u00e7on dont les technologies Web peuvent prendre en charge&nbsp;<strong>transformation num\u00e9rique centr\u00e9e sur l\u2019utilisateur<\/strong>, assurer&nbsp;<strong>interop\u00e9rabilit\u00e9<\/strong>&nbsp;\u00e0 travers les syst\u00e8mes, et fournir r\u00e9silient et&nbsp;<strong>infrastructure \u00e9volutive<\/strong>&nbsp;pour les prototypes de recherche et les plateformes r\u00e9elles du secteur public.<\/p>\n<\/div><\/div>","protected":false},"excerpt":{"rendered":"<p>En tant que fondation dans tous nos domaines, notre \u00e9quipe s'engage avec les technologies Web de pointe pour soutenir des services num\u00e9riques interactifs, accessibles et fiables. Cela inclut \u00e0 la fois les frameworks c\u00f4t\u00e9 client et c\u00f4t\u00e9 serveur, les API Web et les mod\u00e8les architecturaux. Domaines d'int\u00e9r\u00eat: Nous nous concentrons particuli\u00e8rement sur la mani\u00e8re dont les technologies Web peuvent soutenir une transformation num\u00e9rique centr\u00e9e sur l'utilisateur, assurer l'interop\u00e9rabilit\u00e9 entre les syst\u00e8mes et fournir une infrastructure r\u00e9siliente et \u00e9volutive pour les deux [...]<\/p>","protected":false},"author":1,"featured_media":0,"parent":0,"menu_order":0,"comment_status":"closed","ping_status":"closed","template":"","meta":{"_uag_custom_page_level_css":"","footnotes":""},"class_list":["post-884","page","type-page","status-publish","hentry"],"uagb_featured_image_src":{"full":false,"thumbnail":false,"medium":false,"medium_large":false,"large":false,"1536x1536":false,"2048x2048":false,"etm-custom-language-flag":false},"uagb_author_info":{"display_name":"admin","author_link":"https:\/\/isegov.dai.uom.gr\/fr\/author\/admin\/"},"uagb_comment_info":0,"uagb_excerpt":"As a foundation across all our domains, our team engages with cutting-edge&nbsp;Web Technologies&nbsp;to support interactive, accessible, and reliable digital services. This includes both client-side and server-side frameworks, web APIs, and architectural models. Areas of Interest: We are particularly focused on how Web technologies can support&nbsp;user-centered digital transformation, ensure&nbsp;interoperability&nbsp;across systems, and provide resilient and&nbsp;scalable infrastructure&nbsp;for both\u2026","_links":{"self":[{"href":"https:\/\/isegov.dai.uom.gr\/fr\/wp-json\/wp\/v2\/pages\/884","targetHints":{"allow":["GET"]}}],"collection":[{"href":"https:\/\/isegov.dai.uom.gr\/fr\/wp-json\/wp\/v2\/pages"}],"about":[{"href":"https:\/\/isegov.dai.uom.gr\/fr\/wp-json\/wp\/v2\/types\/page"}],"author":[{"embeddable":true,"href":"https:\/\/isegov.dai.uom.gr\/fr\/wp-json\/wp\/v2\/users\/1"}],"replies":[{"embeddable":true,"href":"https:\/\/isegov.dai.uom.gr\/fr\/wp-json\/wp\/v2\/comments?post=884"}],"version-history":[{"count":2,"href":"https:\/\/isegov.dai.uom.gr\/fr\/wp-json\/wp\/v2\/pages\/884\/revisions"}],"predecessor-version":[{"id":906,"href":"https:\/\/isegov.dai.uom.gr\/fr\/wp-json\/wp\/v2\/pages\/884\/revisions\/906"}],"wp:attachment":[{"href":"https:\/\/isegov.dai.uom.gr\/fr\/wp-json\/wp\/v2\/media?parent=884"}],"curies":[{"name":"wp","href":"https:\/\/api.w.org\/{rel}","templated":true}]}}